{"id":343,"date":"2015-06-23T23:48:35","date_gmt":"2015-06-23T22:48:35","guid":{"rendered":"http:\/\/localhost\/rrm\/en\/?page_id=343"},"modified":"2019-03-15T15:33:13","modified_gmt":"2019-03-15T19:33:13","slug":"get-equipped","status":"publish","type":"page","link":"https:\/\/www.reseaureussitemontreal.ca\/en\/take-action\/get-equipped\/","title":{"rendered":"Get equipped"},"content":{"rendered":"<p>This section provides several tools to support partnership-based actions and promote the implementation of effective actions.<\/p>\n","protected":false},"excerpt":{"rendered":"<p>This section provides several tools to support partnership-based actions and promote the implementation of effective actions.<\/p>\n","protected":false},"author":1,"featured_media":0,"parent":278,"menu_order":4,"comment_status":"open","ping_status":"open","template":"hub-rrm.php","meta":{"_acf_changed":false,"footnotes":""},"categories":[],"class_list":["post-343","page","type-page","status-publish","hentry"],"acf":[],"yoast_head":"<!-- This site is optimized with the Yoast SEO plugin v26.8 - https:\/\/yoast.com\/product\/yoast-seo-wordpress\/ -->\n<title>Get equipped - R\u00e9seau r\u00e9ussite Montr\u00e9al<\/title>\n<meta name=\"robots\" content=\"index, follow, max-snippet:-1, max-image-preview:large, max-video-preview:-1\" \/>\n<link rel=\"canonical\" href=\"http:\/\/www.reseaureussitemontreal.ca\/en\/take-action\/get-equipped\/\" \/>\n<meta property=\"og:locale\" content=\"en_US\" \/>\n<meta property=\"og:type\" content=\"article\" \/>\n<meta property=\"og:title\" content=\"Get equipped - R\u00e9seau r\u00e9ussite Montr\u00e9al\" \/>\n<meta property=\"og:description\" content=\"This section provides several tools to support partnership-based actions and promote the implementation of effective actions.\" \/>\n<meta property=\"og:url\" content=\"http:\/\/www.reseaureussitemontreal.ca\/en\/take-action\/get-equipped\/\" \/>\n<meta property=\"og:site_name\" content=\"R\u00e9seau r\u00e9ussite Montr\u00e9al\" \/>\n<meta property=\"article:modified_time\" content=\"2019-03-15T19:33:13+00:00\" \/>\n<meta name=\"twitter:card\" content=\"summary_large_image\" \/>\n<script type=\"application\/ld+json\" class=\"yoast-schema-graph\">{\"@context\":\"https:\/\/schema.org\",\"@graph\":[{\"@type\":\"WebPage\",\"@id\":\"http:\/\/www.reseaureussitemontreal.ca\/en\/take-action\/get-equipped\/\",\"url\":\"http:\/\/www.reseaureussitemontreal.ca\/en\/take-action\/get-equipped\/\",\"name\":\"Get equipped - R\u00e9seau r\u00e9ussite Montr\u00e9al\",\"isPartOf\":{\"@id\":\"https:\/\/www.reseaureussitemontreal.ca\/#website\"},\"datePublished\":\"2015-06-23T22:48:35+00:00\",\"dateModified\":\"2019-03-15T19:33:13+00:00\",\"breadcrumb\":{\"@id\":\"http:\/\/www.reseaureussitemontreal.ca\/en\/take-action\/get-equipped\/#breadcrumb\"},\"inLanguage\":\"en-US\",\"potentialAction\":[{\"@type\":\"ReadAction\",\"target\":[\"http:\/\/www.reseaureussitemontreal.ca\/en\/take-action\/get-equipped\/\"]}]},{\"@type\":\"BreadcrumbList\",\"@id\":\"http:\/\/www.reseaureussitemontreal.ca\/en\/take-action\/get-equipped\/#breadcrumb\",\"itemListElement\":[{\"@type\":\"ListItem\",\"position\":1,\"name\":\"Accueil\",\"item\":\"https:\/\/www.reseaureussitemontreal.ca\/\"},{\"@type\":\"ListItem\",\"position\":2,\"name\":\"Take action\",\"item\":\"http:\/\/www.reseaureussitemontreal.ca\/en\/take-action\/\"},{\"@type\":\"ListItem\",\"position\":3,\"name\":\"Get equipped\"}]},{\"@type\":\"WebSite\",\"@id\":\"https:\/\/www.reseaureussitemontreal.ca\/#website\",\"url\":\"https:\/\/www.reseaureussitemontreal.ca\/\",\"name\":\"R\u00e9seau r\u00e9ussite Montr\u00e9al\",\"description\":\"\",\"potentialAction\":[{\"@type\":\"SearchAction\",\"target\":{\"@type\":\"EntryPoint\",\"urlTemplate\":\"https:\/\/www.reseaureussitemontreal.ca\/?s={search_term_string}\"},\"query-input\":{\"@type\":\"PropertyValueSpecification\",\"valueRequired\":true,\"valueName\":\"search_term_string\"}}],\"inLanguage\":\"en-US\"}]}<\/script>\n<!-- \/ Yoast SEO plugin. -->","yoast_head_json":{"title":"Get equipped - R\u00e9seau r\u00e9ussite Montr\u00e9al","robots":{"index":"index","follow":"follow","max-snippet":"max-snippet:-1","max-image-preview":"max-image-preview:large","max-video-preview":"max-video-preview:-1"},"canonical":"http:\/\/www.reseaureussitemontreal.ca\/en\/take-action\/get-equipped\/","og_locale":"en_US","og_type":"article","og_title":"Get equipped - R\u00e9seau r\u00e9ussite Montr\u00e9al","og_description":"This section provides several tools to support partnership-based actions and promote the implementation of effective actions.","og_url":"http:\/\/www.reseaureussitemontreal.ca\/en\/take-action\/get-equipped\/","og_site_name":"R\u00e9seau r\u00e9ussite Montr\u00e9al","article_modified_time":"2019-03-15T19:33:13+00:00","twitter_card":"summary_large_image","schema":{"@context":"https:\/\/schema.org","@graph":[{"@type":"WebPage","@id":"http:\/\/www.reseaureussitemontreal.ca\/en\/take-action\/get-equipped\/","url":"http:\/\/www.reseaureussitemontreal.ca\/en\/take-action\/get-equipped\/","name":"Get equipped - R\u00e9seau r\u00e9ussite Montr\u00e9al","isPartOf":{"@id":"https:\/\/www.reseaureussitemontreal.ca\/#website"},"datePublished":"2015-06-23T22:48:35+00:00","dateModified":"2019-03-15T19:33:13+00:00","breadcrumb":{"@id":"http:\/\/www.reseaureussitemontreal.ca\/en\/take-action\/get-equipped\/#breadcrumb"},"inLanguage":"en-US","potentialAction":[{"@type":"ReadAction","target":["http:\/\/www.reseaureussitemontreal.ca\/en\/take-action\/get-equipped\/"]}]},{"@type":"BreadcrumbList","@id":"http:\/\/www.reseaureussitemontreal.ca\/en\/take-action\/get-equipped\/#breadcrumb","itemListElement":[{"@type":"ListItem","position":1,"name":"Accueil","item":"https:\/\/www.reseaureussitemontreal.ca\/"},{"@type":"ListItem","position":2,"name":"Take action","item":"http:\/\/www.reseaureussitemontreal.ca\/en\/take-action\/"},{"@type":"ListItem","position":3,"name":"Get equipped"}]},{"@type":"WebSite","@id":"https:\/\/www.reseaureussitemontreal.ca\/#website","url":"https:\/\/www.reseaureussitemontreal.ca\/","name":"R\u00e9seau r\u00e9ussite Montr\u00e9al","description":"","potentialAction":[{"@type":"SearchAction","target":{"@type":"EntryPoint","urlTemplate":"https:\/\/www.reseaureussitemontreal.ca\/?s={search_term_string}"},"query-input":{"@type":"PropertyValueSpecification","valueRequired":true,"valueName":"search_term_string"}}],"inLanguage":"en-US"}]}},"_links":{"self":[{"href":"https:\/\/www.reseaureussitemontreal.ca\/en\/wp-json\/wp\/v2\/pages\/343","targetHints":{"allow":["GET"]}}],"collection":[{"href":"https:\/\/www.reseaureussitemontreal.ca\/en\/wp-json\/wp\/v2\/pages"}],"about":[{"href":"https:\/\/www.reseaureussitemontreal.ca\/en\/wp-json\/wp\/v2\/types\/page"}],"author":[{"embeddable":true,"href":"https:\/\/www.reseaureussitemontreal.ca\/en\/wp-json\/wp\/v2\/users\/1"}],"replies":[{"embeddable":true,"href":"https:\/\/www.reseaureussitemontreal.ca\/en\/wp-json\/wp\/v2\/comments?post=343"}],"version-history":[{"count":7,"href":"https:\/\/www.reseaureussitemontreal.ca\/en\/wp-json\/wp\/v2\/pages\/343\/revisions"}],"predecessor-version":[{"id":8708,"href":"https:\/\/www.reseaureussitemontreal.ca\/en\/wp-json\/wp\/v2\/pages\/343\/revisions\/8708"}],"up":[{"embeddable":true,"href":"https:\/\/www.reseaureussitemontreal.ca\/en\/wp-json\/wp\/v2\/pages\/278"}],"wp:attachment":[{"href":"https:\/\/www.reseaureussitemontreal.ca\/en\/wp-json\/wp\/v2\/media?parent=343"}],"wp:term":[{"taxonomy":"category","embeddable":true,"href":"https:\/\/www.reseaureussitemontreal.ca\/en\/wp-json\/wp\/v2\/categories?post=343"}],"curies":[{"name":"wp","href":"https:\/\/api.w.org\/{rel}","templated":true}]}}