{"id":268,"date":"2015-06-23T22:05:56","date_gmt":"2015-06-23T21:05:56","guid":{"rendered":"http:\/\/localhost\/rrm\/en\/?page_id=268"},"modified":"2025-01-09T15:42:57","modified_gmt":"2025-01-09T20:42:57","slug":"media","status":"publish","type":"page","link":"https:\/\/www.reseaureussitemontreal.ca\/en\/media\/","title":{"rendered":"Media"},"content":{"rendered":"<p><strong><a href=\"#highlights\">About us<\/a> |\u00a0 <a href=\"#logos\">Logos<\/a><\/strong><\/p>\n<div class='contact'><div class='contenu-texte contenu-texte-full'><div class=\"la-question\"><p>For all media requests, please contact<\/p><\/div><div class=\"auteur\"><p><span class=\"nom-auteur\">Isabel Charbonneau<\/span>, Services Coordinator - Communications<br><span class=\"telephone\">514-803-7102<\/span><br><span class=\"email\"><a href=\"mailto:icharbonneau@reseaureussitemontreal.ca\">icharbonneau@reseaureussitemontreal.ca<\/a><\/span><\/p><\/div><\/div><div class='clearboth'><\/div><\/div>\n<h2><a id=\"aboutus\"><\/a>About us<\/h2>\n<p>With core involvement from the five Island of Montr\u00e9al school boards, R\u00e9seau r\u00e9ussite Montr\u00e9al (RRM) brings together 33 important regional stakeholders whose cross-sector activities are aimed at helping young people stay in and be successful at school. With its thorough understanding of issues affecting educational success among 0\u201320-year-olds in Montr\u00e9al, RRM enables and guides the emergence, development, and enrichment of actions designed to fulfill the needs of young people and their families at the local and regional levels. RRM also acts as an agent of change by coordinating key initiatives such as mobilizing business-sector engagement in school perseverance, the government mandate to promote community-based literacy efforts, and Hooked on School Days.<\/p>\n<h2><a id=\"logos\"><\/a>Logos<\/h2>\n<p>Montreal Hooked on School makes its logos available to the media for use in reporting. Authorization is required for any other use. Authorization can be requested by calling 514-286-2346, ext. 211 or emailing <a href=\"mailto:mchampagne@reseaureussitemontreal.ca\">mchampagne@reseaureussitemontreal.ca<\/a>.<\/p>\n<p>The visual signature must always be reproduced from the electronic files provided on this page. Signature elements and proportions may not be modified. We thank you for respecting Montreal Hooked on School\u2019s graphics standards and brand image.<\/p>\n<p>To save, right-click on the links below and select &#8220;Save link as&#8221; or &#8220;Save target as&#8221;.<\/p>\n<p><strong>Montreal Hooked on School<\/strong><\/p>\n<ul>\n<li><a href=\"http:\/\/www.reseaureussitemontreal.ca\/wp-content\/uploads\/2015\/10\/Normes-graphiques-logo-RRM.pdf\" target=\"_blank\" rel=\"noopener noreferrer\">Graphics standards\u00a0<\/a><\/li>\n<li><a href=\"http:\/\/www.reseaureussitemontreal.ca\/wp-content\/uploads\/2015\/06\/Logo_final_MHS-NOIR-EN.jpg\" target=\"_blank\" rel=\"noopener noreferrer\">Black logo<\/a><\/li>\n<li><a href=\"http:\/\/www.reseaureussitemontreal.ca\/wp-content\/uploads\/2015\/06\/Logo_final_MHS-CMYK-EN.jpg\" target=\"_blank\" rel=\"noopener noreferrer\">Colour logo (CMYK)<\/a><\/li>\n<\/ul>\n<p><strong>Hooked on School Days<\/strong><\/p>\n<ul>\n<li><span style=\"line-height: 1.5;\">Graphics standards\u00a0(Coming soon)<\/span><\/li>\n<li><a href=\"http:\/\/www.reseaureussitemontreal.ca\/wp-content\/uploads\/2015\/06\/Signature_JPS2015_ENG.jpg\" target=\"_blank\" rel=\"noopener noreferrer\">Logo<\/a><\/li>\n<\/ul>\n<p><strong>School perseverance ribbon<\/strong><\/p>\n<ul>\n<li><a href=\"http:\/\/www.reseaureussitemontreal.ca\/wp-content\/uploads\/2015\/06\/Ruban-PS-Normes-Graphiques.pdf\" target=\"_blank\" rel=\"noopener noreferrer\">Graphics standards<\/a>\u00a0(French only)<\/li>\n<li><a href=\"http:\/\/www.reseaureussitemontreal.ca\/wp-content\/uploads\/2015\/06\/JPS-Ruban-Officiel.jpg\" target=\"_blank\" rel=\"noopener noreferrer\">Image of ribbon<\/a><\/li>\n<\/ul>\n<p><strong>Adopt a school<\/strong><\/p>\n<ul>\n<li>Graphics standards (Coming soon)<\/li>\n<li><a href=\"http:\/\/www.reseaureussitemontreal.ca\/wp-content\/uploads\/2015\/06\/AUE_logo_sceau_1C_rouge.jpg\" target=\"_blank\" rel=\"noopener noreferrer\">Logo<\/a> (French only)<\/li>\n<\/ul>\n","protected":false},"excerpt":{"rendered":"<p>About us |\u00a0 Logos About us With core involvement from the five Island of Montr\u00e9al school boards, R\u00e9seau r\u00e9ussite Montr\u00e9al (RRM) brings together 33 important regional stakeholders whose cross-sector activities are aimed at helping young people stay in and be successful at school. With its thorough understanding of issues affecting educational success among 0\u201320-year-olds in &hellip; <a href=\"https:\/\/www.reseaureussitemontreal.ca\/en\/media\/\" class=\"more-link\">Continue reading <span class=\"screen-reader-text\">Media<\/span> <span class=\"meta-nav\">&rarr;<\/span><\/a><\/p>\n","protected":false},"author":1,"featured_media":0,"parent":0,"menu_order":0,"comment_status":"open","ping_status":"open","template":"","meta":{"_acf_changed":false,"footnotes":""},"categories":[2],"class_list":["post-268","page","type-page","status-publish","hentry","category-uncategorized"],"acf":[],"yoast_head":"<!-- This site is optimized with the Yoast SEO plugin v26.8 - https:\/\/yoast.com\/product\/yoast-seo-wordpress\/ -->\n<title>Media - R\u00e9seau r\u00e9ussite Montr\u00e9al<\/title>\n<meta name=\"robots\" content=\"index, follow, max-snippet:-1, max-image-preview:large, max-video-preview:-1\" \/>\n<link rel=\"canonical\" href=\"https:\/\/www.reseaureussitemontreal.ca\/medias\/\" \/>\n<meta property=\"og:locale\" content=\"en_US\" \/>\n<meta property=\"og:type\" content=\"article\" \/>\n<meta property=\"og:title\" content=\"Media - R\u00e9seau r\u00e9ussite Montr\u00e9al\" \/>\n<meta property=\"og:description\" content=\"About us |\u00a0 Logos About us With core involvement from the five Island of Montr\u00e9al school boards, R\u00e9seau r\u00e9ussite Montr\u00e9al (RRM) brings together 33 important regional stakeholders whose cross-sector activities are aimed at helping young people stay in and be successful at school. With its thorough understanding of issues affecting educational success among 0\u201320-year-olds in &hellip; Continue reading Media &rarr;\" \/>\n<meta property=\"og:url\" content=\"https:\/\/www.reseaureussitemontreal.ca\/medias\/\" \/>\n<meta property=\"og:site_name\" content=\"R\u00e9seau r\u00e9ussite Montr\u00e9al\" \/>\n<meta property=\"article:modified_time\" content=\"2025-01-09T20:42:57+00:00\" \/>\n<meta name=\"twitter:card\" content=\"summary_large_image\" \/>\n<meta name=\"twitter:label1\" content=\"Est. reading time\" \/>\n\t<meta name=\"twitter:data1\" content=\"2 minutes\" \/>\n<script type=\"application\/ld+json\" class=\"yoast-schema-graph\">{\"@context\":\"https:\/\/schema.org\",\"@graph\":[{\"@type\":\"WebPage\",\"@id\":\"https:\/\/www.reseaureussitemontreal.ca\/medias\/\",\"url\":\"https:\/\/www.reseaureussitemontreal.ca\/medias\/\",\"name\":\"Media - R\u00e9seau r\u00e9ussite Montr\u00e9al\",\"isPartOf\":{\"@id\":\"http:\/\/www.reseaureussitemontreal.ca\/#website\"},\"datePublished\":\"2015-06-23T21:05:56+00:00\",\"dateModified\":\"2025-01-09T20:42:57+00:00\",\"breadcrumb\":{\"@id\":\"https:\/\/www.reseaureussitemontreal.ca\/medias\/#breadcrumb\"},\"inLanguage\":\"en-US\",\"potentialAction\":[{\"@type\":\"ReadAction\",\"target\":[\"https:\/\/www.reseaureussitemontreal.ca\/medias\/\"]}]},{\"@type\":\"BreadcrumbList\",\"@id\":\"https:\/\/www.reseaureussitemontreal.ca\/medias\/#breadcrumb\",\"itemListElement\":[{\"@type\":\"ListItem\",\"position\":1,\"name\":\"Accueil\",\"item\":\"http:\/\/www.reseaureussitemontreal.ca\/en\/\"},{\"@type\":\"ListItem\",\"position\":2,\"name\":\"Media\"}]},{\"@type\":\"WebSite\",\"@id\":\"http:\/\/www.reseaureussitemontreal.ca\/#website\",\"url\":\"http:\/\/www.reseaureussitemontreal.ca\/\",\"name\":\"R\u00e9seau r\u00e9ussite Montr\u00e9al\",\"description\":\"\",\"potentialAction\":[{\"@type\":\"SearchAction\",\"target\":{\"@type\":\"EntryPoint\",\"urlTemplate\":\"http:\/\/www.reseaureussitemontreal.ca\/?s={search_term_string}\"},\"query-input\":{\"@type\":\"PropertyValueSpecification\",\"valueRequired\":true,\"valueName\":\"search_term_string\"}}],\"inLanguage\":\"en-US\"}]}<\/script>\n<!-- \/ Yoast SEO plugin. -->","yoast_head_json":{"title":"Media - R\u00e9seau r\u00e9ussite Montr\u00e9al","robots":{"index":"index","follow":"follow","max-snippet":"max-snippet:-1","max-image-preview":"max-image-preview:large","max-video-preview":"max-video-preview:-1"},"canonical":"https:\/\/www.reseaureussitemontreal.ca\/medias\/","og_locale":"en_US","og_type":"article","og_title":"Media - R\u00e9seau r\u00e9ussite Montr\u00e9al","og_description":"About us |\u00a0 Logos About us With core involvement from the five Island of Montr\u00e9al school boards, R\u00e9seau r\u00e9ussite Montr\u00e9al (RRM) brings together 33 important regional stakeholders whose cross-sector activities are aimed at helping young people stay in and be successful at school. With its thorough understanding of issues affecting educational success among 0\u201320-year-olds in &hellip; Continue reading Media &rarr;","og_url":"https:\/\/www.reseaureussitemontreal.ca\/medias\/","og_site_name":"R\u00e9seau r\u00e9ussite Montr\u00e9al","article_modified_time":"2025-01-09T20:42:57+00:00","twitter_card":"summary_large_image","twitter_misc":{"Est. reading time":"2 minutes"},"schema":{"@context":"https:\/\/schema.org","@graph":[{"@type":"WebPage","@id":"https:\/\/www.reseaureussitemontreal.ca\/medias\/","url":"https:\/\/www.reseaureussitemontreal.ca\/medias\/","name":"Media - R\u00e9seau r\u00e9ussite Montr\u00e9al","isPartOf":{"@id":"http:\/\/www.reseaureussitemontreal.ca\/#website"},"datePublished":"2015-06-23T21:05:56+00:00","dateModified":"2025-01-09T20:42:57+00:00","breadcrumb":{"@id":"https:\/\/www.reseaureussitemontreal.ca\/medias\/#breadcrumb"},"inLanguage":"en-US","potentialAction":[{"@type":"ReadAction","target":["https:\/\/www.reseaureussitemontreal.ca\/medias\/"]}]},{"@type":"BreadcrumbList","@id":"https:\/\/www.reseaureussitemontreal.ca\/medias\/#breadcrumb","itemListElement":[{"@type":"ListItem","position":1,"name":"Accueil","item":"http:\/\/www.reseaureussitemontreal.ca\/en\/"},{"@type":"ListItem","position":2,"name":"Media"}]},{"@type":"WebSite","@id":"http:\/\/www.reseaureussitemontreal.ca\/#website","url":"http:\/\/www.reseaureussitemontreal.ca\/","name":"R\u00e9seau r\u00e9ussite Montr\u00e9al","description":"","potentialAction":[{"@type":"SearchAction","target":{"@type":"EntryPoint","urlTemplate":"http:\/\/www.reseaureussitemontreal.ca\/?s={search_term_string}"},"query-input":{"@type":"PropertyValueSpecification","valueRequired":true,"valueName":"search_term_string"}}],"inLanguage":"en-US"}]}},"_links":{"self":[{"href":"https:\/\/www.reseaureussitemontreal.ca\/en\/wp-json\/wp\/v2\/pages\/268","targetHints":{"allow":["GET"]}}],"collection":[{"href":"https:\/\/www.reseaureussitemontreal.ca\/en\/wp-json\/wp\/v2\/pages"}],"about":[{"href":"https:\/\/www.reseaureussitemontreal.ca\/en\/wp-json\/wp\/v2\/types\/page"}],"author":[{"embeddable":true,"href":"https:\/\/www.reseaureussitemontreal.ca\/en\/wp-json\/wp\/v2\/users\/1"}],"replies":[{"embeddable":true,"href":"https:\/\/www.reseaureussitemontreal.ca\/en\/wp-json\/wp\/v2\/comments?post=268"}],"version-history":[{"count":30,"href":"https:\/\/www.reseaureussitemontreal.ca\/en\/wp-json\/wp\/v2\/pages\/268\/revisions"}],"predecessor-version":[{"id":18241,"href":"https:\/\/www.reseaureussitemontreal.ca\/en\/wp-json\/wp\/v2\/pages\/268\/revisions\/18241"}],"wp:attachment":[{"href":"https:\/\/www.reseaureussitemontreal.ca\/en\/wp-json\/wp\/v2\/media?parent=268"}],"wp:term":[{"taxonomy":"category","embeddable":true,"href":"https:\/\/www.reseaureussitemontreal.ca\/en\/wp-json\/wp\/v2\/categories?post=268"}],"curies":[{"name":"wp","href":"https:\/\/api.w.org\/{rel}","templated":true}]}}