{"id":2652,"date":"2015-10-31T18:58:42","date_gmt":"2015-10-31T17:58:42","guid":{"rendered":"http:\/\/www.reseaureussitemontreal.ca\/en\/?page_id=2652"},"modified":"2020-08-18T16:30:07","modified_gmt":"2020-08-18T20:30:07","slug":"self-control-and-social-and-behavioural-conduct","status":"publish","type":"page","link":"https:\/\/www.reseaureussitemontreal.ca\/en\/take-action\/get-equipped\/determinants\/self-control-and-social-and-behavioural-conduct\/","title":{"rendered":"Self-control and social and behavioural conduct"},"content":{"rendered":"<p>Maintaining positive social interactions with peers and adults, having good social skills, and controlling one\u2019s urges are linked to success at school. Students with behavioural problems are also more at risk of having trouble academically, of dropping out, and of exhibiting delinquency and social integration problems.<\/p>\n<p><strong>Courses of effective action <\/strong><\/p>\n<ul>\n<li>Put social skills development workshops in place for all\u00a0children starting in early childhood.<\/li>\n<li>Involve parents in all actions related to their children\u2019s behaviour.<\/li>\n<li>Systematically screen youth as soon as they enter school to take early action.<\/li>\n<li>Implement measures that reward positive behaviour and reinforcement.<\/li>\n<li>Offer extracurricular activities that attract such youth and that give them a chance to work hard, invest themselves, and experience success.<\/li>\n<\/ul>\n<p><span class=\"notes-bpage\">Source: R\u00e9unir R\u00e9ussir<\/span><\/p>\n<p><strong>For more information<\/strong><\/p>\n<p><a href=\"https:\/\/www.reseaureussitemontreal.ca\/wp-content\/uploads\/2016\/12\/factsheet2_behavioural_conduct.pdf\">Download the determinant\u2019s reference sheet<\/a><\/p>\n","protected":false},"excerpt":{"rendered":"<p>Maintaining positive social interactions with peers and adults, having good social skills, and controlling one\u2019s urges are linked to success at school. Students with behavioural problems are also more at risk of having trouble academically, of dropping out, and of exhibiting delinquency and social integration problems. Courses of effective action Put social skills development workshops &hellip; <a href=\"https:\/\/www.reseaureussitemontreal.ca\/en\/take-action\/get-equipped\/determinants\/self-control-and-social-and-behavioural-conduct\/\" class=\"more-link\">Continue reading <span class=\"screen-reader-text\">Self-control and social and behavioural conduct<\/span> <span class=\"meta-nav\">&rarr;<\/span><\/a><\/p>\n","protected":false},"author":4,"featured_media":0,"parent":593,"menu_order":5,"comment_status":"open","ping_status":"open","template":"","meta":{"_acf_changed":false,"footnotes":""},"categories":[2],"class_list":["post-2652","page","type-page","status-publish","hentry","category-uncategorized"],"acf":[],"yoast_head":"<!-- This site is optimized with the Yoast SEO plugin v26.8 - https:\/\/yoast.com\/product\/yoast-seo-wordpress\/ -->\n<title>Self-control and social and behavioural conduct - R\u00e9seau r\u00e9ussite Montr\u00e9al<\/title>\n<meta name=\"robots\" content=\"index, follow, max-snippet:-1, max-image-preview:large, max-video-preview:-1\" \/>\n<link rel=\"canonical\" href=\"https:\/\/www.reseaureussitemontreal.ca\/en\/take-action\/get-equipped\/determinants\/self-control-and-social-and-behavioural-conduct\/\" \/>\n<meta property=\"og:locale\" content=\"en_US\" \/>\n<meta property=\"og:type\" content=\"article\" \/>\n<meta property=\"og:title\" content=\"Self-control and social and behavioural conduct - R\u00e9seau r\u00e9ussite Montr\u00e9al\" \/>\n<meta property=\"og:description\" content=\"Maintaining positive social interactions with peers and adults, having good social skills, and controlling one\u2019s urges are linked to success at school. Students with behavioural problems are also more at risk of having trouble academically, of dropping out, and of exhibiting delinquency and social integration problems. Courses of effective action Put social skills development workshops &hellip; Continue reading Self-control and social and behavioural conduct &rarr;\" \/>\n<meta property=\"og:url\" content=\"https:\/\/www.reseaureussitemontreal.ca\/en\/take-action\/get-equipped\/determinants\/self-control-and-social-and-behavioural-conduct\/\" \/>\n<meta property=\"og:site_name\" content=\"R\u00e9seau r\u00e9ussite Montr\u00e9al\" \/>\n<meta property=\"article:modified_time\" content=\"2020-08-18T20:30:07+00:00\" \/>\n<meta name=\"twitter:card\" content=\"summary_large_image\" \/>\n<meta name=\"twitter:label1\" content=\"Est. reading time\" \/>\n\t<meta name=\"twitter:data1\" content=\"1 minute\" \/>\n<script type=\"application\/ld+json\" class=\"yoast-schema-graph\">{\"@context\":\"https:\/\/schema.org\",\"@graph\":[{\"@type\":\"WebPage\",\"@id\":\"https:\/\/www.reseaureussitemontreal.ca\/en\/take-action\/get-equipped\/determinants\/self-control-and-social-and-behavioural-conduct\/\",\"url\":\"https:\/\/www.reseaureussitemontreal.ca\/en\/take-action\/get-equipped\/determinants\/self-control-and-social-and-behavioural-conduct\/\",\"name\":\"Self-control and social and behavioural conduct - R\u00e9seau r\u00e9ussite Montr\u00e9al\",\"isPartOf\":{\"@id\":\"http:\/\/www.reseaureussitemontreal.ca\/#website\"},\"datePublished\":\"2015-10-31T17:58:42+00:00\",\"dateModified\":\"2020-08-18T20:30:07+00:00\",\"breadcrumb\":{\"@id\":\"https:\/\/www.reseaureussitemontreal.ca\/en\/take-action\/get-equipped\/determinants\/self-control-and-social-and-behavioural-conduct\/#breadcrumb\"},\"inLanguage\":\"en-US\",\"potentialAction\":[{\"@type\":\"ReadAction\",\"target\":[\"https:\/\/www.reseaureussitemontreal.ca\/en\/take-action\/get-equipped\/determinants\/self-control-and-social-and-behavioural-conduct\/\"]}]},{\"@type\":\"BreadcrumbList\",\"@id\":\"https:\/\/www.reseaureussitemontreal.ca\/en\/take-action\/get-equipped\/determinants\/self-control-and-social-and-behavioural-conduct\/#breadcrumb\",\"itemListElement\":[{\"@type\":\"ListItem\",\"position\":1,\"name\":\"Accueil\",\"item\":\"http:\/\/www.reseaureussitemontreal.ca\/en\/\"},{\"@type\":\"ListItem\",\"position\":2,\"name\":\"Take action\",\"item\":\"http:\/\/www.reseaureussitemontreal.ca\/en\/take-action\/\"},{\"@type\":\"ListItem\",\"position\":3,\"name\":\"Get equipped\",\"item\":\"http:\/\/www.reseaureussitemontreal.ca\/en\/take-action\/get-equipped\/\"},{\"@type\":\"ListItem\",\"position\":4,\"name\":\"Determinants\",\"item\":\"http:\/\/www.reseaureussitemontreal.ca\/en\/take-action\/get-equipped\/determinants\/\"},{\"@type\":\"ListItem\",\"position\":5,\"name\":\"Self-control and social and behavioural conduct\"}]},{\"@type\":\"WebSite\",\"@id\":\"http:\/\/www.reseaureussitemontreal.ca\/#website\",\"url\":\"http:\/\/www.reseaureussitemontreal.ca\/\",\"name\":\"R\u00e9seau r\u00e9ussite Montr\u00e9al\",\"description\":\"\",\"potentialAction\":[{\"@type\":\"SearchAction\",\"target\":{\"@type\":\"EntryPoint\",\"urlTemplate\":\"http:\/\/www.reseaureussitemontreal.ca\/?s={search_term_string}\"},\"query-input\":{\"@type\":\"PropertyValueSpecification\",\"valueRequired\":true,\"valueName\":\"search_term_string\"}}],\"inLanguage\":\"en-US\"}]}<\/script>\n<!-- \/ Yoast SEO plugin. -->","yoast_head_json":{"title":"Self-control and social and behavioural conduct - R\u00e9seau r\u00e9ussite Montr\u00e9al","robots":{"index":"index","follow":"follow","max-snippet":"max-snippet:-1","max-image-preview":"max-image-preview:large","max-video-preview":"max-video-preview:-1"},"canonical":"https:\/\/www.reseaureussitemontreal.ca\/en\/take-action\/get-equipped\/determinants\/self-control-and-social-and-behavioural-conduct\/","og_locale":"en_US","og_type":"article","og_title":"Self-control and social and behavioural conduct - R\u00e9seau r\u00e9ussite Montr\u00e9al","og_description":"Maintaining positive social interactions with peers and adults, having good social skills, and controlling one\u2019s urges are linked to success at school. Students with behavioural problems are also more at risk of having trouble academically, of dropping out, and of exhibiting delinquency and social integration problems. Courses of effective action Put social skills development workshops &hellip; Continue reading Self-control and social and behavioural conduct &rarr;","og_url":"https:\/\/www.reseaureussitemontreal.ca\/en\/take-action\/get-equipped\/determinants\/self-control-and-social-and-behavioural-conduct\/","og_site_name":"R\u00e9seau r\u00e9ussite Montr\u00e9al","article_modified_time":"2020-08-18T20:30:07+00:00","twitter_card":"summary_large_image","twitter_misc":{"Est. reading time":"1 minute"},"schema":{"@context":"https:\/\/schema.org","@graph":[{"@type":"WebPage","@id":"https:\/\/www.reseaureussitemontreal.ca\/en\/take-action\/get-equipped\/determinants\/self-control-and-social-and-behavioural-conduct\/","url":"https:\/\/www.reseaureussitemontreal.ca\/en\/take-action\/get-equipped\/determinants\/self-control-and-social-and-behavioural-conduct\/","name":"Self-control and social and behavioural conduct - R\u00e9seau r\u00e9ussite Montr\u00e9al","isPartOf":{"@id":"http:\/\/www.reseaureussitemontreal.ca\/#website"},"datePublished":"2015-10-31T17:58:42+00:00","dateModified":"2020-08-18T20:30:07+00:00","breadcrumb":{"@id":"https:\/\/www.reseaureussitemontreal.ca\/en\/take-action\/get-equipped\/determinants\/self-control-and-social-and-behavioural-conduct\/#breadcrumb"},"inLanguage":"en-US","potentialAction":[{"@type":"ReadAction","target":["https:\/\/www.reseaureussitemontreal.ca\/en\/take-action\/get-equipped\/determinants\/self-control-and-social-and-behavioural-conduct\/"]}]},{"@type":"BreadcrumbList","@id":"https:\/\/www.reseaureussitemontreal.ca\/en\/take-action\/get-equipped\/determinants\/self-control-and-social-and-behavioural-conduct\/#breadcrumb","itemListElement":[{"@type":"ListItem","position":1,"name":"Accueil","item":"http:\/\/www.reseaureussitemontreal.ca\/en\/"},{"@type":"ListItem","position":2,"name":"Take action","item":"http:\/\/www.reseaureussitemontreal.ca\/en\/take-action\/"},{"@type":"ListItem","position":3,"name":"Get equipped","item":"http:\/\/www.reseaureussitemontreal.ca\/en\/take-action\/get-equipped\/"},{"@type":"ListItem","position":4,"name":"Determinants","item":"http:\/\/www.reseaureussitemontreal.ca\/en\/take-action\/get-equipped\/determinants\/"},{"@type":"ListItem","position":5,"name":"Self-control and social and behavioural conduct"}]},{"@type":"WebSite","@id":"http:\/\/www.reseaureussitemontreal.ca\/#website","url":"http:\/\/www.reseaureussitemontreal.ca\/","name":"R\u00e9seau r\u00e9ussite Montr\u00e9al","description":"","potentialAction":[{"@type":"SearchAction","target":{"@type":"EntryPoint","urlTemplate":"http:\/\/www.reseaureussitemontreal.ca\/?s={search_term_string}"},"query-input":{"@type":"PropertyValueSpecification","valueRequired":true,"valueName":"search_term_string"}}],"inLanguage":"en-US"}]}},"_links":{"self":[{"href":"https:\/\/www.reseaureussitemontreal.ca\/en\/wp-json\/wp\/v2\/pages\/2652","targetHints":{"allow":["GET"]}}],"collection":[{"href":"https:\/\/www.reseaureussitemontreal.ca\/en\/wp-json\/wp\/v2\/pages"}],"about":[{"href":"https:\/\/www.reseaureussitemontreal.ca\/en\/wp-json\/wp\/v2\/types\/page"}],"author":[{"embeddable":true,"href":"https:\/\/www.reseaureussitemontreal.ca\/en\/wp-json\/wp\/v2\/users\/4"}],"replies":[{"embeddable":true,"href":"https:\/\/www.reseaureussitemontreal.ca\/en\/wp-json\/wp\/v2\/comments?post=2652"}],"version-history":[{"count":8,"href":"https:\/\/www.reseaureussitemontreal.ca\/en\/wp-json\/wp\/v2\/pages\/2652\/revisions"}],"predecessor-version":[{"id":10955,"href":"https:\/\/www.reseaureussitemontreal.ca\/en\/wp-json\/wp\/v2\/pages\/2652\/revisions\/10955"}],"up":[{"embeddable":true,"href":"https:\/\/www.reseaureussitemontreal.ca\/en\/wp-json\/wp\/v2\/pages\/593"}],"wp:attachment":[{"href":"https:\/\/www.reseaureussitemontreal.ca\/en\/wp-json\/wp\/v2\/media?parent=2652"}],"wp:term":[{"taxonomy":"category","embeddable":true,"href":"https:\/\/www.reseaureussitemontreal.ca\/en\/wp-json\/wp\/v2\/categories?post=2652"}],"curies":[{"name":"wp","href":"https:\/\/api.w.org\/{rel}","templated":true}]}}