{"id":2648,"date":"2015-10-31T18:53:45","date_gmt":"2015-10-31T17:53:45","guid":{"rendered":"http:\/\/www.reseaureussitemontreal.ca\/en\/?page_id=2648"},"modified":"2020-08-18T16:27:20","modified_gmt":"2020-08-18T20:27:20","slug":"educational-and-career-aspirations","status":"publish","type":"page","link":"https:\/\/www.reseaureussitemontreal.ca\/en\/take-action\/get-equipped\/determinants\/educational-and-career-aspirations\/","title":{"rendered":"Educational and career aspirations"},"content":{"rendered":"<p>Students\u2019 educational and career aspirations are highly influential on their school perseverance. Students who have well-defined educational and career goals find the motivation they need to stick with their studies. Setting such goals is highly influenced by students\u2019 self-perception of their educational abilities. Parents also play a crucial role in the development of their children\u2019s educational and career aspirations.<\/p>\n<p><strong>Courses of effective action<\/strong><\/p>\n<ul>\n<li>Put in place activities that guide parents in encouraging their children to develop and pursue educational and career aspirations.<\/li>\n<li>\u00a0Put in place youth mentoring and guidance activities.<\/li>\n<li>Put in place activities for vulnerable youth.<\/li>\n<\/ul>\n<p><span class=\"notes-bpage\">Source: R\u00e9unir R\u00e9ussir<\/span><\/p>\n<p><strong>For more information<\/strong><\/p>\n<p><a href=\"https:\/\/www.reseaureussitemontreal.ca\/wp-content\/uploads\/2016\/12\/factsheet11_aspirations.pdf\">Download the determinant\u2019s reference sheet<\/a><\/p>\n","protected":false},"excerpt":{"rendered":"<p>Students\u2019 educational and career aspirations are highly influential on their school perseverance. Students who have well-defined educational and career goals find the motivation they need to stick with their studies. Setting such goals is highly influenced by students\u2019 self-perception of their educational abilities. Parents also play a crucial role in the development of their children\u2019s &hellip; <a href=\"https:\/\/www.reseaureussitemontreal.ca\/en\/take-action\/get-equipped\/determinants\/educational-and-career-aspirations\/\" class=\"more-link\">Continue reading <span class=\"screen-reader-text\">Educational and career aspirations<\/span> <span class=\"meta-nav\">&rarr;<\/span><\/a><\/p>\n","protected":false},"author":4,"featured_media":0,"parent":593,"menu_order":3,"comment_status":"open","ping_status":"open","template":"","meta":{"_acf_changed":false,"footnotes":""},"categories":[2],"class_list":["post-2648","page","type-page","status-publish","hentry","category-uncategorized"],"acf":[],"yoast_head":"<!-- This site is optimized with the Yoast SEO plugin v26.8 - https:\/\/yoast.com\/product\/yoast-seo-wordpress\/ -->\n<title>Educational and career aspirations - R\u00e9seau r\u00e9ussite Montr\u00e9al<\/title>\n<meta name=\"robots\" content=\"index, follow, max-snippet:-1, max-image-preview:large, max-video-preview:-1\" \/>\n<link rel=\"canonical\" href=\"https:\/\/www.reseaureussitemontreal.ca\/en\/take-action\/get-equipped\/determinants\/educational-and-career-aspirations\/\" \/>\n<meta property=\"og:locale\" content=\"en_US\" \/>\n<meta property=\"og:type\" content=\"article\" \/>\n<meta property=\"og:title\" content=\"Educational and career aspirations - R\u00e9seau r\u00e9ussite Montr\u00e9al\" \/>\n<meta property=\"og:description\" content=\"Students\u2019 educational and career aspirations are highly influential on their school perseverance. Students who have well-defined educational and career goals find the motivation they need to stick with their studies. Setting such goals is highly influenced by students\u2019 self-perception of their educational abilities. Parents also play a crucial role in the development of their children\u2019s &hellip; Continue reading Educational and career aspirations &rarr;\" \/>\n<meta property=\"og:url\" content=\"https:\/\/www.reseaureussitemontreal.ca\/en\/take-action\/get-equipped\/determinants\/educational-and-career-aspirations\/\" \/>\n<meta property=\"og:site_name\" content=\"R\u00e9seau r\u00e9ussite Montr\u00e9al\" \/>\n<meta property=\"article:modified_time\" content=\"2020-08-18T20:27:20+00:00\" \/>\n<meta name=\"twitter:card\" content=\"summary_large_image\" \/>\n<meta name=\"twitter:label1\" content=\"Est. reading time\" \/>\n\t<meta name=\"twitter:data1\" content=\"1 minute\" \/>\n<script type=\"application\/ld+json\" class=\"yoast-schema-graph\">{\"@context\":\"https:\/\/schema.org\",\"@graph\":[{\"@type\":\"WebPage\",\"@id\":\"https:\/\/www.reseaureussitemontreal.ca\/en\/take-action\/get-equipped\/determinants\/educational-and-career-aspirations\/\",\"url\":\"https:\/\/www.reseaureussitemontreal.ca\/en\/take-action\/get-equipped\/determinants\/educational-and-career-aspirations\/\",\"name\":\"Educational and career aspirations - R\u00e9seau r\u00e9ussite Montr\u00e9al\",\"isPartOf\":{\"@id\":\"http:\/\/www.reseaureussitemontreal.ca\/#website\"},\"datePublished\":\"2015-10-31T17:53:45+00:00\",\"dateModified\":\"2020-08-18T20:27:20+00:00\",\"breadcrumb\":{\"@id\":\"https:\/\/www.reseaureussitemontreal.ca\/en\/take-action\/get-equipped\/determinants\/educational-and-career-aspirations\/#breadcrumb\"},\"inLanguage\":\"en-US\",\"potentialAction\":[{\"@type\":\"ReadAction\",\"target\":[\"https:\/\/www.reseaureussitemontreal.ca\/en\/take-action\/get-equipped\/determinants\/educational-and-career-aspirations\/\"]}]},{\"@type\":\"BreadcrumbList\",\"@id\":\"https:\/\/www.reseaureussitemontreal.ca\/en\/take-action\/get-equipped\/determinants\/educational-and-career-aspirations\/#breadcrumb\",\"itemListElement\":[{\"@type\":\"ListItem\",\"position\":1,\"name\":\"Accueil\",\"item\":\"http:\/\/www.reseaureussitemontreal.ca\/en\/\"},{\"@type\":\"ListItem\",\"position\":2,\"name\":\"Take action\",\"item\":\"http:\/\/www.reseaureussitemontreal.ca\/en\/take-action\/\"},{\"@type\":\"ListItem\",\"position\":3,\"name\":\"Get equipped\",\"item\":\"http:\/\/www.reseaureussitemontreal.ca\/en\/take-action\/get-equipped\/\"},{\"@type\":\"ListItem\",\"position\":4,\"name\":\"Determinants\",\"item\":\"http:\/\/www.reseaureussitemontreal.ca\/en\/take-action\/get-equipped\/determinants\/\"},{\"@type\":\"ListItem\",\"position\":5,\"name\":\"Educational and career aspirations\"}]},{\"@type\":\"WebSite\",\"@id\":\"http:\/\/www.reseaureussitemontreal.ca\/#website\",\"url\":\"http:\/\/www.reseaureussitemontreal.ca\/\",\"name\":\"R\u00e9seau r\u00e9ussite Montr\u00e9al\",\"description\":\"\",\"potentialAction\":[{\"@type\":\"SearchAction\",\"target\":{\"@type\":\"EntryPoint\",\"urlTemplate\":\"http:\/\/www.reseaureussitemontreal.ca\/?s={search_term_string}\"},\"query-input\":{\"@type\":\"PropertyValueSpecification\",\"valueRequired\":true,\"valueName\":\"search_term_string\"}}],\"inLanguage\":\"en-US\"}]}<\/script>\n<!-- \/ Yoast SEO plugin. -->","yoast_head_json":{"title":"Educational and career aspirations - R\u00e9seau r\u00e9ussite Montr\u00e9al","robots":{"index":"index","follow":"follow","max-snippet":"max-snippet:-1","max-image-preview":"max-image-preview:large","max-video-preview":"max-video-preview:-1"},"canonical":"https:\/\/www.reseaureussitemontreal.ca\/en\/take-action\/get-equipped\/determinants\/educational-and-career-aspirations\/","og_locale":"en_US","og_type":"article","og_title":"Educational and career aspirations - R\u00e9seau r\u00e9ussite Montr\u00e9al","og_description":"Students\u2019 educational and career aspirations are highly influential on their school perseverance. Students who have well-defined educational and career goals find the motivation they need to stick with their studies. Setting such goals is highly influenced by students\u2019 self-perception of their educational abilities. Parents also play a crucial role in the development of their children\u2019s &hellip; Continue reading Educational and career aspirations &rarr;","og_url":"https:\/\/www.reseaureussitemontreal.ca\/en\/take-action\/get-equipped\/determinants\/educational-and-career-aspirations\/","og_site_name":"R\u00e9seau r\u00e9ussite Montr\u00e9al","article_modified_time":"2020-08-18T20:27:20+00:00","twitter_card":"summary_large_image","twitter_misc":{"Est. reading time":"1 minute"},"schema":{"@context":"https:\/\/schema.org","@graph":[{"@type":"WebPage","@id":"https:\/\/www.reseaureussitemontreal.ca\/en\/take-action\/get-equipped\/determinants\/educational-and-career-aspirations\/","url":"https:\/\/www.reseaureussitemontreal.ca\/en\/take-action\/get-equipped\/determinants\/educational-and-career-aspirations\/","name":"Educational and career aspirations - R\u00e9seau r\u00e9ussite Montr\u00e9al","isPartOf":{"@id":"http:\/\/www.reseaureussitemontreal.ca\/#website"},"datePublished":"2015-10-31T17:53:45+00:00","dateModified":"2020-08-18T20:27:20+00:00","breadcrumb":{"@id":"https:\/\/www.reseaureussitemontreal.ca\/en\/take-action\/get-equipped\/determinants\/educational-and-career-aspirations\/#breadcrumb"},"inLanguage":"en-US","potentialAction":[{"@type":"ReadAction","target":["https:\/\/www.reseaureussitemontreal.ca\/en\/take-action\/get-equipped\/determinants\/educational-and-career-aspirations\/"]}]},{"@type":"BreadcrumbList","@id":"https:\/\/www.reseaureussitemontreal.ca\/en\/take-action\/get-equipped\/determinants\/educational-and-career-aspirations\/#breadcrumb","itemListElement":[{"@type":"ListItem","position":1,"name":"Accueil","item":"http:\/\/www.reseaureussitemontreal.ca\/en\/"},{"@type":"ListItem","position":2,"name":"Take action","item":"http:\/\/www.reseaureussitemontreal.ca\/en\/take-action\/"},{"@type":"ListItem","position":3,"name":"Get equipped","item":"http:\/\/www.reseaureussitemontreal.ca\/en\/take-action\/get-equipped\/"},{"@type":"ListItem","position":4,"name":"Determinants","item":"http:\/\/www.reseaureussitemontreal.ca\/en\/take-action\/get-equipped\/determinants\/"},{"@type":"ListItem","position":5,"name":"Educational and career aspirations"}]},{"@type":"WebSite","@id":"http:\/\/www.reseaureussitemontreal.ca\/#website","url":"http:\/\/www.reseaureussitemontreal.ca\/","name":"R\u00e9seau r\u00e9ussite Montr\u00e9al","description":"","potentialAction":[{"@type":"SearchAction","target":{"@type":"EntryPoint","urlTemplate":"http:\/\/www.reseaureussitemontreal.ca\/?s={search_term_string}"},"query-input":{"@type":"PropertyValueSpecification","valueRequired":true,"valueName":"search_term_string"}}],"inLanguage":"en-US"}]}},"_links":{"self":[{"href":"https:\/\/www.reseaureussitemontreal.ca\/en\/wp-json\/wp\/v2\/pages\/2648","targetHints":{"allow":["GET"]}}],"collection":[{"href":"https:\/\/www.reseaureussitemontreal.ca\/en\/wp-json\/wp\/v2\/pages"}],"about":[{"href":"https:\/\/www.reseaureussitemontreal.ca\/en\/wp-json\/wp\/v2\/types\/page"}],"author":[{"embeddable":true,"href":"https:\/\/www.reseaureussitemontreal.ca\/en\/wp-json\/wp\/v2\/users\/4"}],"replies":[{"embeddable":true,"href":"https:\/\/www.reseaureussitemontreal.ca\/en\/wp-json\/wp\/v2\/comments?post=2648"}],"version-history":[{"count":7,"href":"https:\/\/www.reseaureussitemontreal.ca\/en\/wp-json\/wp\/v2\/pages\/2648\/revisions"}],"predecessor-version":[{"id":10950,"href":"https:\/\/www.reseaureussitemontreal.ca\/en\/wp-json\/wp\/v2\/pages\/2648\/revisions\/10950"}],"up":[{"embeddable":true,"href":"https:\/\/www.reseaureussitemontreal.ca\/en\/wp-json\/wp\/v2\/pages\/593"}],"wp:attachment":[{"href":"https:\/\/www.reseaureussitemontreal.ca\/en\/wp-json\/wp\/v2\/media?parent=2648"}],"wp:term":[{"taxonomy":"category","embeddable":true,"href":"https:\/\/www.reseaureussitemontreal.ca\/en\/wp-json\/wp\/v2\/categories?post=2648"}],"curies":[{"name":"wp","href":"https:\/\/api.w.org\/{rel}","templated":true}]}}