{"id":14903,"date":"2022-09-06T16:21:07","date_gmt":"2022-09-06T20:21:07","guid":{"rendered":"https:\/\/www.reseaureussitemontreal.ca\/?page_id=14903"},"modified":"2022-09-06T16:21:53","modified_gmt":"2022-09-06T20:21:53","slug":"adopt-a-school","status":"publish","type":"page","link":"https:\/\/www.reseaureussitemontreal.ca\/en\/adopt-a-school\/","title":{"rendered":"Adopt a School"},"content":{"rendered":"<p>This content is only available in French. \u00a0<a href=\"https:\/\/www.reseaureussitemontreal.ca\/adoptez-une-ecole\/\">Please see the French version of this page.<\/a><\/p>\n","protected":false},"excerpt":{"rendered":"<p>This content is only available in French. \u00a0Please see the French version of this page.<\/p>\n","protected":false},"author":13,"featured_media":0,"parent":0,"menu_order":0,"comment_status":"closed","ping_status":"closed","template":"","meta":{"_acf_changed":false,"footnotes":""},"categories":[2],"class_list":["post-14903","page","type-page","status-publish","hentry","category-uncategorized"],"acf":[],"yoast_head":"<!-- This site is optimized with the Yoast SEO plugin v26.8 - https:\/\/yoast.com\/product\/yoast-seo-wordpress\/ -->\n<title>Adopt a School - R\u00e9seau r\u00e9ussite Montr\u00e9al<\/title>\n<meta name=\"robots\" content=\"index, follow, max-snippet:-1, max-image-preview:large, max-video-preview:-1\" \/>\n<link rel=\"canonical\" href=\"http:\/\/www.reseaureussitemontreal.ca\/en\/adopt-a-school\/\" \/>\n<meta property=\"og:locale\" content=\"en_US\" \/>\n<meta property=\"og:type\" content=\"article\" \/>\n<meta property=\"og:title\" content=\"Adopt a School - R\u00e9seau r\u00e9ussite Montr\u00e9al\" \/>\n<meta property=\"og:description\" content=\"This content is only available in French. \u00a0Please see the French version of this page.\" \/>\n<meta property=\"og:url\" content=\"http:\/\/www.reseaureussitemontreal.ca\/en\/adopt-a-school\/\" \/>\n<meta property=\"og:site_name\" content=\"R\u00e9seau r\u00e9ussite Montr\u00e9al\" \/>\n<meta property=\"article:modified_time\" content=\"2022-09-06T20:21:53+00:00\" \/>\n<meta name=\"twitter:card\" content=\"summary_large_image\" \/>\n<meta name=\"twitter:label1\" content=\"Est. reading time\" \/>\n\t<meta name=\"twitter:data1\" content=\"1 minute\" \/>\n<script type=\"application\/ld+json\" class=\"yoast-schema-graph\">{\"@context\":\"https:\/\/schema.org\",\"@graph\":[{\"@type\":\"WebPage\",\"@id\":\"http:\/\/www.reseaureussitemontreal.ca\/en\/adopt-a-school\/\",\"url\":\"http:\/\/www.reseaureussitemontreal.ca\/en\/adopt-a-school\/\",\"name\":\"Adopt a School - R\u00e9seau r\u00e9ussite Montr\u00e9al\",\"isPartOf\":{\"@id\":\"http:\/\/www.reseaureussitemontreal.ca\/#website\"},\"datePublished\":\"2022-09-06T20:21:07+00:00\",\"dateModified\":\"2022-09-06T20:21:53+00:00\",\"breadcrumb\":{\"@id\":\"http:\/\/www.reseaureussitemontreal.ca\/en\/adopt-a-school\/#breadcrumb\"},\"inLanguage\":\"en-US\",\"potentialAction\":[{\"@type\":\"ReadAction\",\"target\":[\"http:\/\/www.reseaureussitemontreal.ca\/en\/adopt-a-school\/\"]}]},{\"@type\":\"BreadcrumbList\",\"@id\":\"http:\/\/www.reseaureussitemontreal.ca\/en\/adopt-a-school\/#breadcrumb\",\"itemListElement\":[{\"@type\":\"ListItem\",\"position\":1,\"name\":\"Accueil\",\"item\":\"https:\/\/www.reseaureussitemontreal.ca\/en\/\"},{\"@type\":\"ListItem\",\"position\":2,\"name\":\"Adopt a School\"}]},{\"@type\":\"WebSite\",\"@id\":\"http:\/\/www.reseaureussitemontreal.ca\/#website\",\"url\":\"http:\/\/www.reseaureussitemontreal.ca\/\",\"name\":\"R\u00e9seau r\u00e9ussite Montr\u00e9al\",\"description\":\"\",\"potentialAction\":[{\"@type\":\"SearchAction\",\"target\":{\"@type\":\"EntryPoint\",\"urlTemplate\":\"http:\/\/www.reseaureussitemontreal.ca\/?s={search_term_string}\"},\"query-input\":{\"@type\":\"PropertyValueSpecification\",\"valueRequired\":true,\"valueName\":\"search_term_string\"}}],\"inLanguage\":\"en-US\"}]}<\/script>\n<!-- \/ Yoast SEO plugin. -->","yoast_head_json":{"title":"Adopt a School - R\u00e9seau r\u00e9ussite Montr\u00e9al","robots":{"index":"index","follow":"follow","max-snippet":"max-snippet:-1","max-image-preview":"max-image-preview:large","max-video-preview":"max-video-preview:-1"},"canonical":"http:\/\/www.reseaureussitemontreal.ca\/en\/adopt-a-school\/","og_locale":"en_US","og_type":"article","og_title":"Adopt a School - R\u00e9seau r\u00e9ussite Montr\u00e9al","og_description":"This content is only available in French. \u00a0Please see the French version of this page.","og_url":"http:\/\/www.reseaureussitemontreal.ca\/en\/adopt-a-school\/","og_site_name":"R\u00e9seau r\u00e9ussite Montr\u00e9al","article_modified_time":"2022-09-06T20:21:53+00:00","twitter_card":"summary_large_image","twitter_misc":{"Est. reading time":"1 minute"},"schema":{"@context":"https:\/\/schema.org","@graph":[{"@type":"WebPage","@id":"http:\/\/www.reseaureussitemontreal.ca\/en\/adopt-a-school\/","url":"http:\/\/www.reseaureussitemontreal.ca\/en\/adopt-a-school\/","name":"Adopt a School - R\u00e9seau r\u00e9ussite Montr\u00e9al","isPartOf":{"@id":"http:\/\/www.reseaureussitemontreal.ca\/#website"},"datePublished":"2022-09-06T20:21:07+00:00","dateModified":"2022-09-06T20:21:53+00:00","breadcrumb":{"@id":"http:\/\/www.reseaureussitemontreal.ca\/en\/adopt-a-school\/#breadcrumb"},"inLanguage":"en-US","potentialAction":[{"@type":"ReadAction","target":["http:\/\/www.reseaureussitemontreal.ca\/en\/adopt-a-school\/"]}]},{"@type":"BreadcrumbList","@id":"http:\/\/www.reseaureussitemontreal.ca\/en\/adopt-a-school\/#breadcrumb","itemListElement":[{"@type":"ListItem","position":1,"name":"Accueil","item":"https:\/\/www.reseaureussitemontreal.ca\/en\/"},{"@type":"ListItem","position":2,"name":"Adopt a School"}]},{"@type":"WebSite","@id":"http:\/\/www.reseaureussitemontreal.ca\/#website","url":"http:\/\/www.reseaureussitemontreal.ca\/","name":"R\u00e9seau r\u00e9ussite Montr\u00e9al","description":"","potentialAction":[{"@type":"SearchAction","target":{"@type":"EntryPoint","urlTemplate":"http:\/\/www.reseaureussitemontreal.ca\/?s={search_term_string}"},"query-input":{"@type":"PropertyValueSpecification","valueRequired":true,"valueName":"search_term_string"}}],"inLanguage":"en-US"}]}},"_links":{"self":[{"href":"https:\/\/www.reseaureussitemontreal.ca\/en\/wp-json\/wp\/v2\/pages\/14903","targetHints":{"allow":["GET"]}}],"collection":[{"href":"https:\/\/www.reseaureussitemontreal.ca\/en\/wp-json\/wp\/v2\/pages"}],"about":[{"href":"https:\/\/www.reseaureussitemontreal.ca\/en\/wp-json\/wp\/v2\/types\/page"}],"author":[{"embeddable":true,"href":"https:\/\/www.reseaureussitemontreal.ca\/en\/wp-json\/wp\/v2\/users\/13"}],"replies":[{"embeddable":true,"href":"https:\/\/www.reseaureussitemontreal.ca\/en\/wp-json\/wp\/v2\/comments?post=14903"}],"version-history":[{"count":2,"href":"https:\/\/www.reseaureussitemontreal.ca\/en\/wp-json\/wp\/v2\/pages\/14903\/revisions"}],"predecessor-version":[{"id":14905,"href":"https:\/\/www.reseaureussitemontreal.ca\/en\/wp-json\/wp\/v2\/pages\/14903\/revisions\/14905"}],"wp:attachment":[{"href":"https:\/\/www.reseaureussitemontreal.ca\/en\/wp-json\/wp\/v2\/media?parent=14903"}],"wp:term":[{"taxonomy":"category","embeddable":true,"href":"https:\/\/www.reseaureussitemontreal.ca\/en\/wp-json\/wp\/v2\/categories?post=14903"}],"curies":[{"name":"wp","href":"https:\/\/api.w.org\/{rel}","templated":true}]}}