{"id":686,"date":"2015-07-09T17:26:55","date_gmt":"2015-07-09T16:26:55","guid":{"rendered":"http:\/\/localhost\/rrm\/en\/?page_id=686"},"modified":"2017-02-27T13:58:26","modified_gmt":"2017-02-27T18:58:26","slug":"parc-extension","status":"publish","type":"page","link":"http:\/\/www.reseaureussitemontreal.ca\/en\/neighbourhoods\/parc-extension\/","title":{"rendered":"Parc-Extension"},"content":{"rendered":"<p>This content is only available in French. \u00a0Please see the French version of this page.<\/p>\n","protected":false},"excerpt":{"rendered":"<p>This content is only available in French. \u00a0Please see the French version of this page.<\/p>\n","protected":false},"author":1,"featured_media":0,"parent":274,"menu_order":7,"comment_status":"open","ping_status":"closed","template":"","meta":{"_acf_changed":false,"footnotes":""},"categories":[2],"class_list":["post-686","page","type-page","status-publish","hentry","category-uncategorized"],"acf":[],"yoast_head":"<!-- This site is optimized with the Yoast SEO plugin v26.8 - https:\/\/yoast.com\/product\/yoast-seo-wordpress\/ -->\n<title>Parc-Extension - R\u00e9seau r\u00e9ussite Montr\u00e9al<\/title>\n<meta name=\"robots\" content=\"index, follow, max-snippet:-1, max-image-preview:large, max-video-preview:-1\" \/>\n<link rel=\"canonical\" href=\"https:\/\/www.reseaureussitemontreal.ca\/en\/neighbourhoods\/parc-extension\/\" \/>\n<meta property=\"og:locale\" content=\"en_US\" \/>\n<meta property=\"og:type\" content=\"article\" \/>\n<meta property=\"og:title\" content=\"Parc-Extension - R\u00e9seau r\u00e9ussite Montr\u00e9al\" \/>\n<meta property=\"og:description\" content=\"This content is only available in French. \u00a0Please see the French version of this page.\" \/>\n<meta property=\"og:url\" content=\"https:\/\/www.reseaureussitemontreal.ca\/en\/neighbourhoods\/parc-extension\/\" \/>\n<meta property=\"og:site_name\" content=\"R\u00e9seau r\u00e9ussite Montr\u00e9al\" \/>\n<meta property=\"article:modified_time\" content=\"2017-02-27T18:58:26+00:00\" \/>\n<meta name=\"twitter:card\" content=\"summary_large_image\" \/>\n<script type=\"application\/ld+json\" class=\"yoast-schema-graph\">{\"@context\":\"https:\/\/schema.org\",\"@graph\":[{\"@type\":\"WebPage\",\"@id\":\"https:\/\/www.reseaureussitemontreal.ca\/en\/neighbourhoods\/parc-extension\/\",\"url\":\"https:\/\/www.reseaureussitemontreal.ca\/en\/neighbourhoods\/parc-extension\/\",\"name\":\"Parc-Extension - R\u00e9seau r\u00e9ussite Montr\u00e9al\",\"isPartOf\":{\"@id\":\"https:\/\/www.reseaureussitemontreal.ca\/#website\"},\"datePublished\":\"2015-07-09T16:26:55+00:00\",\"dateModified\":\"2017-02-27T18:58:26+00:00\",\"breadcrumb\":{\"@id\":\"https:\/\/www.reseaureussitemontreal.ca\/en\/neighbourhoods\/parc-extension\/#breadcrumb\"},\"inLanguage\":\"en-US\",\"potentialAction\":[{\"@type\":\"ReadAction\",\"target\":[\"https:\/\/www.reseaureussitemontreal.ca\/en\/neighbourhoods\/parc-extension\/\"]}]},{\"@type\":\"BreadcrumbList\",\"@id\":\"https:\/\/www.reseaureussitemontreal.ca\/en\/neighbourhoods\/parc-extension\/#breadcrumb\",\"itemListElement\":[{\"@type\":\"ListItem\",\"position\":1,\"name\":\"Accueil\",\"item\":\"https:\/\/www.reseaureussitemontreal.ca\/\"},{\"@type\":\"ListItem\",\"position\":2,\"name\":\"Neighbourhoods\",\"item\":\"https:\/\/www.reseaureussitemontreal.ca\/dans-les-quartiers\/\"},{\"@type\":\"ListItem\",\"position\":3,\"name\":\"Parc-Extension\"}]},{\"@type\":\"WebSite\",\"@id\":\"https:\/\/www.reseaureussitemontreal.ca\/#website\",\"url\":\"https:\/\/www.reseaureussitemontreal.ca\/\",\"name\":\"R\u00e9seau r\u00e9ussite Montr\u00e9al\",\"description\":\"\",\"potentialAction\":[{\"@type\":\"SearchAction\",\"target\":{\"@type\":\"EntryPoint\",\"urlTemplate\":\"https:\/\/www.reseaureussitemontreal.ca\/?s={search_term_string}\"},\"query-input\":{\"@type\":\"PropertyValueSpecification\",\"valueRequired\":true,\"valueName\":\"search_term_string\"}}],\"inLanguage\":\"en-US\"}]}<\/script>\n<!-- \/ Yoast SEO plugin. -->","yoast_head_json":{"title":"Parc-Extension - R\u00e9seau r\u00e9ussite Montr\u00e9al","robots":{"index":"index","follow":"follow","max-snippet":"max-snippet:-1","max-image-preview":"max-image-preview:large","max-video-preview":"max-video-preview:-1"},"canonical":"https:\/\/www.reseaureussitemontreal.ca\/en\/neighbourhoods\/parc-extension\/","og_locale":"en_US","og_type":"article","og_title":"Parc-Extension - R\u00e9seau r\u00e9ussite Montr\u00e9al","og_description":"This content is only available in French. \u00a0Please see the French version of this page.","og_url":"https:\/\/www.reseaureussitemontreal.ca\/en\/neighbourhoods\/parc-extension\/","og_site_name":"R\u00e9seau r\u00e9ussite Montr\u00e9al","article_modified_time":"2017-02-27T18:58:26+00:00","twitter_card":"summary_large_image","schema":{"@context":"https:\/\/schema.org","@graph":[{"@type":"WebPage","@id":"https:\/\/www.reseaureussitemontreal.ca\/en\/neighbourhoods\/parc-extension\/","url":"https:\/\/www.reseaureussitemontreal.ca\/en\/neighbourhoods\/parc-extension\/","name":"Parc-Extension - R\u00e9seau r\u00e9ussite Montr\u00e9al","isPartOf":{"@id":"https:\/\/www.reseaureussitemontreal.ca\/#website"},"datePublished":"2015-07-09T16:26:55+00:00","dateModified":"2017-02-27T18:58:26+00:00","breadcrumb":{"@id":"https:\/\/www.reseaureussitemontreal.ca\/en\/neighbourhoods\/parc-extension\/#breadcrumb"},"inLanguage":"en-US","potentialAction":[{"@type":"ReadAction","target":["https:\/\/www.reseaureussitemontreal.ca\/en\/neighbourhoods\/parc-extension\/"]}]},{"@type":"BreadcrumbList","@id":"https:\/\/www.reseaureussitemontreal.ca\/en\/neighbourhoods\/parc-extension\/#breadcrumb","itemListElement":[{"@type":"ListItem","position":1,"name":"Accueil","item":"https:\/\/www.reseaureussitemontreal.ca\/"},{"@type":"ListItem","position":2,"name":"Neighbourhoods","item":"https:\/\/www.reseaureussitemontreal.ca\/dans-les-quartiers\/"},{"@type":"ListItem","position":3,"name":"Parc-Extension"}]},{"@type":"WebSite","@id":"https:\/\/www.reseaureussitemontreal.ca\/#website","url":"https:\/\/www.reseaureussitemontreal.ca\/","name":"R\u00e9seau r\u00e9ussite Montr\u00e9al","description":"","potentialAction":[{"@type":"SearchAction","target":{"@type":"EntryPoint","urlTemplate":"https:\/\/www.reseaureussitemontreal.ca\/?s={search_term_string}"},"query-input":{"@type":"PropertyValueSpecification","valueRequired":true,"valueName":"search_term_string"}}],"inLanguage":"en-US"}]}},"_links":{"self":[{"href":"http:\/\/www.reseaureussitemontreal.ca\/en\/wp-json\/wp\/v2\/pages\/686","targetHints":{"allow":["GET"]}}],"collection":[{"href":"http:\/\/www.reseaureussitemontreal.ca\/en\/wp-json\/wp\/v2\/pages"}],"about":[{"href":"http:\/\/www.reseaureussitemontreal.ca\/en\/wp-json\/wp\/v2\/types\/page"}],"author":[{"embeddable":true,"href":"http:\/\/www.reseaureussitemontreal.ca\/en\/wp-json\/wp\/v2\/users\/1"}],"replies":[{"embeddable":true,"href":"http:\/\/www.reseaureussitemontreal.ca\/en\/wp-json\/wp\/v2\/comments?post=686"}],"version-history":[{"count":2,"href":"http:\/\/www.reseaureussitemontreal.ca\/en\/wp-json\/wp\/v2\/pages\/686\/revisions"}],"predecessor-version":[{"id":4677,"href":"http:\/\/www.reseaureussitemontreal.ca\/en\/wp-json\/wp\/v2\/pages\/686\/revisions\/4677"}],"up":[{"embeddable":true,"href":"http:\/\/www.reseaureussitemontreal.ca\/en\/wp-json\/wp\/v2\/pages\/274"}],"wp:attachment":[{"href":"http:\/\/www.reseaureussitemontreal.ca\/en\/wp-json\/wp\/v2\/media?parent=686"}],"wp:term":[{"taxonomy":"category","embeddable":true,"href":"http:\/\/www.reseaureussitemontreal.ca\/en\/wp-json\/wp\/v2\/categories?post=686"}],"curies":[{"name":"wp","href":"https:\/\/api.w.org\/{rel}","templated":true}]}}