{"id":590,"date":"2015-07-09T00:25:26","date_gmt":"2015-07-08T23:25:26","guid":{"rendered":"http:\/\/localhost\/rrm\/en\/?page_id=590"},"modified":"2019-03-11T14:54:57","modified_gmt":"2019-03-11T18:54:57","slug":"determinants-school-perseverance","status":"publish","type":"page","link":"http:\/\/www.reseaureussitemontreal.ca\/en\/take-action\/get-equipped\/determinants\/determinants-school-perseverance\/","title":{"rendered":"The determinants of school perseverance"},"content":{"rendered":"<h3>Determinants of school perseverance<\/h3>\n<p>Different factors or situations can influence, either positively or negatively, school perseverance among young people. An accumulation of risk factors<sup><a href=\"#note1\">[1]<\/a><\/sup> increases the likelihood that a young person will drop out.<\/p>\n<p>These determinants fall into four broad categories: family factors, personal factors, school factors, and social or community factors (related to one\u2019s living environment or the community).<\/p>\n<h3>Why take action on determinants?<\/h3>\n<p><strong>To better meet the needs of young people<\/strong><\/p>\n<p>The influence of determinants on school perseverance has been widely documented. Analyzing the situation in light of these factors therefore makes it easier to match needs with priorities for action.<\/p>\n<p><strong>To increase the effect of actions<\/strong><\/p>\n<p>Given the importance of these factors, many resources now classify information aimed at supporting school perseverance according to the determinants it acts on.<\/p>\n<p>This makes it possible to access a wide range of documentation that can be used to guide effective actions and target partners for involvement.<\/p>\n<h3>Selecting determinants<\/h3>\n<p>The determinants featured in this section were deemed to have the greatest effect on school perseverance.<\/p>\n<p>Many other factors influence students during their development, but researchers and experts have reached a consensus on the importance of these ones.<\/p>\n<p>These factors were selected by R\u00e9unir R\u00e9ussir for their kit entitled \u201c<a href=\"http:\/\/www.reseaureussitemontreal.ca\/en\/taking-effectitional-success\/\">Taking Effective Action on the Determinants of School Perseverance and Educational Success<\/a>\u201d.<\/p>\n<p>&nbsp;<\/p>\n<p><span class=\"notes-bpage\"><a id=\"note1\"><\/a>1.\u00a0Anything that can potentially lead to dropout.<\/span><\/p>\n","protected":false},"excerpt":{"rendered":"<p>Determinants of school perseverance Different factors or situations can influence, either positively or negatively, school perseverance among young people. An accumulation of risk factors[1] increases the likelihood that a young person will drop out. These determinants fall into four broad categories: family factors, personal factors, school factors, and social or community factors (related to one\u2019s &hellip; <a href=\"http:\/\/www.reseaureussitemontreal.ca\/en\/take-action\/get-equipped\/determinants\/determinants-school-perseverance\/\" class=\"more-link\">Continue reading <span class=\"screen-reader-text\">The determinants of school perseverance<\/span> <span class=\"meta-nav\">&rarr;<\/span><\/a><\/p>\n","protected":false},"author":1,"featured_media":0,"parent":593,"menu_order":1,"comment_status":"open","ping_status":"open","template":"","meta":{"_acf_changed":false,"footnotes":""},"categories":[2],"class_list":["post-590","page","type-page","status-publish","hentry","category-uncategorized"],"acf":[],"yoast_head":"<!-- This site is optimized with the Yoast SEO plugin v26.8 - https:\/\/yoast.com\/product\/yoast-seo-wordpress\/ -->\n<title>The determinants of school perseverance - R\u00e9seau r\u00e9ussite Montr\u00e9al<\/title>\n<meta name=\"robots\" content=\"index, follow, max-snippet:-1, max-image-preview:large, max-video-preview:-1\" \/>\n<link rel=\"canonical\" href=\"https:\/\/www.reseaureussitemontreal.ca\/en\/take-action\/get-equipped\/determinants\/determinants-school-perseverance\/\" \/>\n<meta property=\"og:locale\" content=\"en_US\" \/>\n<meta property=\"og:type\" content=\"article\" \/>\n<meta property=\"og:title\" content=\"The determinants of school perseverance - R\u00e9seau r\u00e9ussite Montr\u00e9al\" \/>\n<meta property=\"og:description\" content=\"Determinants of school perseverance Different factors or situations can influence, either positively or negatively, school perseverance among young people. An accumulation of risk factors[1] increases the likelihood that a young person will drop out. These determinants fall into four broad categories: family factors, personal factors, school factors, and social or community factors (related to one\u2019s &hellip; Continue reading The determinants of school perseverance &rarr;\" \/>\n<meta property=\"og:url\" content=\"https:\/\/www.reseaureussitemontreal.ca\/en\/take-action\/get-equipped\/determinants\/determinants-school-perseverance\/\" \/>\n<meta property=\"og:site_name\" content=\"R\u00e9seau r\u00e9ussite Montr\u00e9al\" \/>\n<meta property=\"article:modified_time\" content=\"2019-03-11T18:54:57+00:00\" \/>\n<meta name=\"twitter:card\" content=\"summary_large_image\" \/>\n<meta name=\"twitter:label1\" content=\"Est. reading time\" \/>\n\t<meta name=\"twitter:data1\" content=\"1 minute\" \/>\n<script type=\"application\/ld+json\" class=\"yoast-schema-graph\">{\"@context\":\"https:\/\/schema.org\",\"@graph\":[{\"@type\":\"WebPage\",\"@id\":\"https:\/\/www.reseaureussitemontreal.ca\/en\/take-action\/get-equipped\/determinants\/determinants-school-perseverance\/\",\"url\":\"https:\/\/www.reseaureussitemontreal.ca\/en\/take-action\/get-equipped\/determinants\/determinants-school-perseverance\/\",\"name\":\"The determinants of school perseverance - R\u00e9seau r\u00e9ussite Montr\u00e9al\",\"isPartOf\":{\"@id\":\"http:\/\/www.reseaureussitemontreal.ca\/#website\"},\"datePublished\":\"2015-07-08T23:25:26+00:00\",\"dateModified\":\"2019-03-11T18:54:57+00:00\",\"breadcrumb\":{\"@id\":\"https:\/\/www.reseaureussitemontreal.ca\/en\/take-action\/get-equipped\/determinants\/determinants-school-perseverance\/#breadcrumb\"},\"inLanguage\":\"en-US\",\"potentialAction\":[{\"@type\":\"ReadAction\",\"target\":[\"https:\/\/www.reseaureussitemontreal.ca\/en\/take-action\/get-equipped\/determinants\/determinants-school-perseverance\/\"]}]},{\"@type\":\"BreadcrumbList\",\"@id\":\"https:\/\/www.reseaureussitemontreal.ca\/en\/take-action\/get-equipped\/determinants\/determinants-school-perseverance\/#breadcrumb\",\"itemListElement\":[{\"@type\":\"ListItem\",\"position\":1,\"name\":\"Accueil\",\"item\":\"http:\/\/www.reseaureussitemontreal.ca\/en\/\"},{\"@type\":\"ListItem\",\"position\":2,\"name\":\"Take action\",\"item\":\"http:\/\/www.reseaureussitemontreal.ca\/en\/take-action\/\"},{\"@type\":\"ListItem\",\"position\":3,\"name\":\"Get equipped\",\"item\":\"http:\/\/www.reseaureussitemontreal.ca\/en\/take-action\/get-equipped\/\"},{\"@type\":\"ListItem\",\"position\":4,\"name\":\"Determinants\",\"item\":\"http:\/\/www.reseaureussitemontreal.ca\/en\/take-action\/get-equipped\/determinants\/\"},{\"@type\":\"ListItem\",\"position\":5,\"name\":\"The determinants of school perseverance\"}]},{\"@type\":\"WebSite\",\"@id\":\"http:\/\/www.reseaureussitemontreal.ca\/#website\",\"url\":\"http:\/\/www.reseaureussitemontreal.ca\/\",\"name\":\"R\u00e9seau r\u00e9ussite Montr\u00e9al\",\"description\":\"\",\"potentialAction\":[{\"@type\":\"SearchAction\",\"target\":{\"@type\":\"EntryPoint\",\"urlTemplate\":\"http:\/\/www.reseaureussitemontreal.ca\/?s={search_term_string}\"},\"query-input\":{\"@type\":\"PropertyValueSpecification\",\"valueRequired\":true,\"valueName\":\"search_term_string\"}}],\"inLanguage\":\"en-US\"}]}<\/script>\n<!-- \/ Yoast SEO plugin. -->","yoast_head_json":{"title":"The determinants of school perseverance - R\u00e9seau r\u00e9ussite Montr\u00e9al","robots":{"index":"index","follow":"follow","max-snippet":"max-snippet:-1","max-image-preview":"max-image-preview:large","max-video-preview":"max-video-preview:-1"},"canonical":"https:\/\/www.reseaureussitemontreal.ca\/en\/take-action\/get-equipped\/determinants\/determinants-school-perseverance\/","og_locale":"en_US","og_type":"article","og_title":"The determinants of school perseverance - R\u00e9seau r\u00e9ussite Montr\u00e9al","og_description":"Determinants of school perseverance Different factors or situations can influence, either positively or negatively, school perseverance among young people. An accumulation of risk factors[1] increases the likelihood that a young person will drop out. These determinants fall into four broad categories: family factors, personal factors, school factors, and social or community factors (related to one\u2019s &hellip; Continue reading The determinants of school perseverance &rarr;","og_url":"https:\/\/www.reseaureussitemontreal.ca\/en\/take-action\/get-equipped\/determinants\/determinants-school-perseverance\/","og_site_name":"R\u00e9seau r\u00e9ussite Montr\u00e9al","article_modified_time":"2019-03-11T18:54:57+00:00","twitter_card":"summary_large_image","twitter_misc":{"Est. reading time":"1 minute"},"schema":{"@context":"https:\/\/schema.org","@graph":[{"@type":"WebPage","@id":"https:\/\/www.reseaureussitemontreal.ca\/en\/take-action\/get-equipped\/determinants\/determinants-school-perseverance\/","url":"https:\/\/www.reseaureussitemontreal.ca\/en\/take-action\/get-equipped\/determinants\/determinants-school-perseverance\/","name":"The determinants of school perseverance - R\u00e9seau r\u00e9ussite Montr\u00e9al","isPartOf":{"@id":"http:\/\/www.reseaureussitemontreal.ca\/#website"},"datePublished":"2015-07-08T23:25:26+00:00","dateModified":"2019-03-11T18:54:57+00:00","breadcrumb":{"@id":"https:\/\/www.reseaureussitemontreal.ca\/en\/take-action\/get-equipped\/determinants\/determinants-school-perseverance\/#breadcrumb"},"inLanguage":"en-US","potentialAction":[{"@type":"ReadAction","target":["https:\/\/www.reseaureussitemontreal.ca\/en\/take-action\/get-equipped\/determinants\/determinants-school-perseverance\/"]}]},{"@type":"BreadcrumbList","@id":"https:\/\/www.reseaureussitemontreal.ca\/en\/take-action\/get-equipped\/determinants\/determinants-school-perseverance\/#breadcrumb","itemListElement":[{"@type":"ListItem","position":1,"name":"Accueil","item":"http:\/\/www.reseaureussitemontreal.ca\/en\/"},{"@type":"ListItem","position":2,"name":"Take action","item":"http:\/\/www.reseaureussitemontreal.ca\/en\/take-action\/"},{"@type":"ListItem","position":3,"name":"Get equipped","item":"http:\/\/www.reseaureussitemontreal.ca\/en\/take-action\/get-equipped\/"},{"@type":"ListItem","position":4,"name":"Determinants","item":"http:\/\/www.reseaureussitemontreal.ca\/en\/take-action\/get-equipped\/determinants\/"},{"@type":"ListItem","position":5,"name":"The determinants of school perseverance"}]},{"@type":"WebSite","@id":"http:\/\/www.reseaureussitemontreal.ca\/#website","url":"http:\/\/www.reseaureussitemontreal.ca\/","name":"R\u00e9seau r\u00e9ussite Montr\u00e9al","description":"","potentialAction":[{"@type":"SearchAction","target":{"@type":"EntryPoint","urlTemplate":"http:\/\/www.reseaureussitemontreal.ca\/?s={search_term_string}"},"query-input":{"@type":"PropertyValueSpecification","valueRequired":true,"valueName":"search_term_string"}}],"inLanguage":"en-US"}]}},"_links":{"self":[{"href":"http:\/\/www.reseaureussitemontreal.ca\/en\/wp-json\/wp\/v2\/pages\/590","targetHints":{"allow":["GET"]}}],"collection":[{"href":"http:\/\/www.reseaureussitemontreal.ca\/en\/wp-json\/wp\/v2\/pages"}],"about":[{"href":"http:\/\/www.reseaureussitemontreal.ca\/en\/wp-json\/wp\/v2\/types\/page"}],"author":[{"embeddable":true,"href":"http:\/\/www.reseaureussitemontreal.ca\/en\/wp-json\/wp\/v2\/users\/1"}],"replies":[{"embeddable":true,"href":"http:\/\/www.reseaureussitemontreal.ca\/en\/wp-json\/wp\/v2\/comments?post=590"}],"version-history":[{"count":9,"href":"http:\/\/www.reseaureussitemontreal.ca\/en\/wp-json\/wp\/v2\/pages\/590\/revisions"}],"predecessor-version":[{"id":8439,"href":"http:\/\/www.reseaureussitemontreal.ca\/en\/wp-json\/wp\/v2\/pages\/590\/revisions\/8439"}],"up":[{"embeddable":true,"href":"http:\/\/www.reseaureussitemontreal.ca\/en\/wp-json\/wp\/v2\/pages\/593"}],"wp:attachment":[{"href":"http:\/\/www.reseaureussitemontreal.ca\/en\/wp-json\/wp\/v2\/media?parent=590"}],"wp:term":[{"taxonomy":"category","embeddable":true,"href":"http:\/\/www.reseaureussitemontreal.ca\/en\/wp-json\/wp\/v2\/categories?post=590"}],"curies":[{"name":"wp","href":"https:\/\/api.w.org\/{rel}","templated":true}]}}