{"id":584,"date":"2015-07-09T00:20:08","date_gmt":"2015-07-08T23:20:08","guid":{"rendered":"http:\/\/localhost\/rrm\/en\/?page_id=584"},"modified":"2017-02-23T15:56:14","modified_gmt":"2017-02-23T20:56:14","slug":"wear-the-ribbon","status":"publish","type":"page","link":"http:\/\/www.reseaureussitemontreal.ca\/en\/take-action\/wear-the-ribbon\/","title":{"rendered":"Wear the ribbon"},"content":{"rendered":"<p>It is distributed and worn throughout Qu\u00e9bec.<\/p>\n<p><strong>Meaning<\/strong><\/p>\n<ul>\n<li>Green symbolizes youth and hope. It represents young people who need recognition and approval in order to persevere.<\/li>\n<li>White, a blend of all other colours, is a metaphor for the community that contributes to the development of young people.<\/li>\n<li>The two crossed ribbons illustrate the bond that unites them.<\/li>\n<li>The loop, open toward the infinite, is the promise of a brighter future.<\/li>\n<\/ul>\n<p><strong>Have you been given a ribbon? Wear it proudly, because every young person needs encouragement every day.<\/strong><\/p>\n","protected":false},"excerpt":{"rendered":"<p>It is distributed and worn throughout Qu\u00e9bec. Meaning Green symbolizes youth and hope. It represents young people who need recognition and approval in order to persevere. White, a blend of all other colours, is a metaphor for the community that contributes to the development of young people. The two crossed ribbons illustrate the bond that &hellip; <a href=\"http:\/\/www.reseaureussitemontreal.ca\/en\/take-action\/wear-the-ribbon\/\" class=\"more-link\">Continue reading <span class=\"screen-reader-text\">Wear the ribbon<\/span> <span class=\"meta-nav\">&rarr;<\/span><\/a><\/p>\n","protected":false},"author":1,"featured_media":0,"parent":278,"menu_order":6,"comment_status":"open","ping_status":"open","template":"","meta":{"_acf_changed":false,"footnotes":""},"categories":[],"class_list":["post-584","page","type-page","status-publish","hentry"],"acf":[],"yoast_head":"<!-- This site is optimized with the Yoast SEO plugin v26.8 - https:\/\/yoast.com\/product\/yoast-seo-wordpress\/ -->\n<title>Wear the ribbon - R\u00e9seau r\u00e9ussite Montr\u00e9al<\/title>\n<meta name=\"robots\" content=\"index, follow, max-snippet:-1, max-image-preview:large, max-video-preview:-1\" \/>\n<link rel=\"canonical\" href=\"http:\/\/www.reseaureussitemontreal.ca\/en\/take-action\/wear-the-ribbon\/\" \/>\n<meta property=\"og:locale\" content=\"en_US\" \/>\n<meta property=\"og:type\" content=\"article\" \/>\n<meta property=\"og:title\" content=\"Wear the ribbon - R\u00e9seau r\u00e9ussite Montr\u00e9al\" \/>\n<meta property=\"og:description\" content=\"It is distributed and worn throughout Qu\u00e9bec. Meaning Green symbolizes youth and hope. It represents young people who need recognition and approval in order to persevere. White, a blend of all other colours, is a metaphor for the community that contributes to the development of young people. The two crossed ribbons illustrate the bond that &hellip; Continue reading Wear the ribbon &rarr;\" \/>\n<meta property=\"og:url\" content=\"http:\/\/www.reseaureussitemontreal.ca\/en\/take-action\/wear-the-ribbon\/\" \/>\n<meta property=\"og:site_name\" content=\"R\u00e9seau r\u00e9ussite Montr\u00e9al\" \/>\n<meta property=\"article:modified_time\" content=\"2017-02-23T20:56:14+00:00\" \/>\n<meta name=\"twitter:card\" content=\"summary_large_image\" \/>\n<script type=\"application\/ld+json\" class=\"yoast-schema-graph\">{\"@context\":\"https:\/\/schema.org\",\"@graph\":[{\"@type\":\"WebPage\",\"@id\":\"http:\/\/www.reseaureussitemontreal.ca\/en\/take-action\/wear-the-ribbon\/\",\"url\":\"http:\/\/www.reseaureussitemontreal.ca\/en\/take-action\/wear-the-ribbon\/\",\"name\":\"Wear the ribbon - R\u00e9seau r\u00e9ussite Montr\u00e9al\",\"isPartOf\":{\"@id\":\"http:\/\/www.reseaureussitemontreal.ca\/#website\"},\"datePublished\":\"2015-07-08T23:20:08+00:00\",\"dateModified\":\"2017-02-23T20:56:14+00:00\",\"breadcrumb\":{\"@id\":\"http:\/\/www.reseaureussitemontreal.ca\/en\/take-action\/wear-the-ribbon\/#breadcrumb\"},\"inLanguage\":\"en-US\",\"potentialAction\":[{\"@type\":\"ReadAction\",\"target\":[\"http:\/\/www.reseaureussitemontreal.ca\/en\/take-action\/wear-the-ribbon\/\"]}]},{\"@type\":\"BreadcrumbList\",\"@id\":\"http:\/\/www.reseaureussitemontreal.ca\/en\/take-action\/wear-the-ribbon\/#breadcrumb\",\"itemListElement\":[{\"@type\":\"ListItem\",\"position\":1,\"name\":\"Accueil\",\"item\":\"https:\/\/www.reseaureussitemontreal.ca\/en\/\"},{\"@type\":\"ListItem\",\"position\":2,\"name\":\"Take action\",\"item\":\"http:\/\/www.reseaureussitemontreal.ca\/en\/take-action\/\"},{\"@type\":\"ListItem\",\"position\":3,\"name\":\"Wear the ribbon\"}]},{\"@type\":\"WebSite\",\"@id\":\"http:\/\/www.reseaureussitemontreal.ca\/#website\",\"url\":\"http:\/\/www.reseaureussitemontreal.ca\/\",\"name\":\"R\u00e9seau r\u00e9ussite Montr\u00e9al\",\"description\":\"\",\"potentialAction\":[{\"@type\":\"SearchAction\",\"target\":{\"@type\":\"EntryPoint\",\"urlTemplate\":\"http:\/\/www.reseaureussitemontreal.ca\/?s={search_term_string}\"},\"query-input\":{\"@type\":\"PropertyValueSpecification\",\"valueRequired\":true,\"valueName\":\"search_term_string\"}}],\"inLanguage\":\"en-US\"}]}<\/script>\n<!-- \/ Yoast SEO plugin. -->","yoast_head_json":{"title":"Wear the ribbon - R\u00e9seau r\u00e9ussite Montr\u00e9al","robots":{"index":"index","follow":"follow","max-snippet":"max-snippet:-1","max-image-preview":"max-image-preview:large","max-video-preview":"max-video-preview:-1"},"canonical":"http:\/\/www.reseaureussitemontreal.ca\/en\/take-action\/wear-the-ribbon\/","og_locale":"en_US","og_type":"article","og_title":"Wear the ribbon - R\u00e9seau r\u00e9ussite Montr\u00e9al","og_description":"It is distributed and worn throughout Qu\u00e9bec. Meaning Green symbolizes youth and hope. It represents young people who need recognition and approval in order to persevere. White, a blend of all other colours, is a metaphor for the community that contributes to the development of young people. The two crossed ribbons illustrate the bond that &hellip; Continue reading Wear the ribbon &rarr;","og_url":"http:\/\/www.reseaureussitemontreal.ca\/en\/take-action\/wear-the-ribbon\/","og_site_name":"R\u00e9seau r\u00e9ussite Montr\u00e9al","article_modified_time":"2017-02-23T20:56:14+00:00","twitter_card":"summary_large_image","schema":{"@context":"https:\/\/schema.org","@graph":[{"@type":"WebPage","@id":"http:\/\/www.reseaureussitemontreal.ca\/en\/take-action\/wear-the-ribbon\/","url":"http:\/\/www.reseaureussitemontreal.ca\/en\/take-action\/wear-the-ribbon\/","name":"Wear the ribbon - R\u00e9seau r\u00e9ussite Montr\u00e9al","isPartOf":{"@id":"http:\/\/www.reseaureussitemontreal.ca\/#website"},"datePublished":"2015-07-08T23:20:08+00:00","dateModified":"2017-02-23T20:56:14+00:00","breadcrumb":{"@id":"http:\/\/www.reseaureussitemontreal.ca\/en\/take-action\/wear-the-ribbon\/#breadcrumb"},"inLanguage":"en-US","potentialAction":[{"@type":"ReadAction","target":["http:\/\/www.reseaureussitemontreal.ca\/en\/take-action\/wear-the-ribbon\/"]}]},{"@type":"BreadcrumbList","@id":"http:\/\/www.reseaureussitemontreal.ca\/en\/take-action\/wear-the-ribbon\/#breadcrumb","itemListElement":[{"@type":"ListItem","position":1,"name":"Accueil","item":"https:\/\/www.reseaureussitemontreal.ca\/en\/"},{"@type":"ListItem","position":2,"name":"Take action","item":"http:\/\/www.reseaureussitemontreal.ca\/en\/take-action\/"},{"@type":"ListItem","position":3,"name":"Wear the ribbon"}]},{"@type":"WebSite","@id":"http:\/\/www.reseaureussitemontreal.ca\/#website","url":"http:\/\/www.reseaureussitemontreal.ca\/","name":"R\u00e9seau r\u00e9ussite Montr\u00e9al","description":"","potentialAction":[{"@type":"SearchAction","target":{"@type":"EntryPoint","urlTemplate":"http:\/\/www.reseaureussitemontreal.ca\/?s={search_term_string}"},"query-input":{"@type":"PropertyValueSpecification","valueRequired":true,"valueName":"search_term_string"}}],"inLanguage":"en-US"}]}},"_links":{"self":[{"href":"http:\/\/www.reseaureussitemontreal.ca\/en\/wp-json\/wp\/v2\/pages\/584","targetHints":{"allow":["GET"]}}],"collection":[{"href":"http:\/\/www.reseaureussitemontreal.ca\/en\/wp-json\/wp\/v2\/pages"}],"about":[{"href":"http:\/\/www.reseaureussitemontreal.ca\/en\/wp-json\/wp\/v2\/types\/page"}],"author":[{"embeddable":true,"href":"http:\/\/www.reseaureussitemontreal.ca\/en\/wp-json\/wp\/v2\/users\/1"}],"replies":[{"embeddable":true,"href":"http:\/\/www.reseaureussitemontreal.ca\/en\/wp-json\/wp\/v2\/comments?post=584"}],"version-history":[{"count":8,"href":"http:\/\/www.reseaureussitemontreal.ca\/en\/wp-json\/wp\/v2\/pages\/584\/revisions"}],"predecessor-version":[{"id":4741,"href":"http:\/\/www.reseaureussitemontreal.ca\/en\/wp-json\/wp\/v2\/pages\/584\/revisions\/4741"}],"up":[{"embeddable":true,"href":"http:\/\/www.reseaureussitemontreal.ca\/en\/wp-json\/wp\/v2\/pages\/278"}],"wp:attachment":[{"href":"http:\/\/www.reseaureussitemontreal.ca\/en\/wp-json\/wp\/v2\/media?parent=584"}],"wp:term":[{"taxonomy":"category","embeddable":true,"href":"http:\/\/www.reseaureussitemontreal.ca\/en\/wp-json\/wp\/v2\/categories?post=584"}],"curies":[{"name":"wp","href":"https:\/\/api.w.org\/{rel}","templated":true}]}}