{"id":5758,"date":"2018-01-29T15:37:48","date_gmt":"2018-01-29T20:37:48","guid":{"rendered":"http:\/\/www.reseaureussitemontreal.ca\/en\/?page_id=5758"},"modified":"2019-03-15T14:53:17","modified_gmt":"2019-03-15T18:53:17","slug":"strong-communities-keep-girls-in-school","status":"publish","type":"page","link":"http:\/\/www.reseaureussitemontreal.ca\/en\/working-together-to-help-students-be-successful\/strong-communities-keep-girls-in-school\/","title":{"rendered":"Strong communities working to keep girls in school"},"content":{"rendered":"<p><strong>The L<em>a cr\u00e9ativit\u00e9 en action! <\/em>program<\/strong>\u00a0<strong>at Montr\u00e9al\u2019s Antoine-de-Saint-Exup\u00e9ry high school <\/strong><\/p>\n<h3><strong>Strong communities working to keep girls in school<\/strong><\/h3>\n<p>At <a href=\"https:\/\/stexupery.cspi.qc.ca\/\" target=\"_blank\" rel=\"noopener\">Antoine-de-Saint-Exup\u00e9ry high school<\/a> in Montr\u00e9al\u2019s Saint-L\u00e9onard neighbourhood, students have access to no fewer than a dozen programs developed by the community sector, under the leadership of assistant principal Martin Sigouin.<\/p>\n<p>\u201cThe administration here decided to form beneficial partnerships with the community to stimulate the daily lives of our students. And it works! On Tuesday evenings, I have 100 students in the school taking part in social, environmental, culinary, or artistic activities, all overseen by different organizations, each of which contributes its own flavor to our school.\u201d<\/p>\n<p><a href=\"http:\/\/www.reseaureussitemontreal.ca\/wp-content\/uploads\/2018\/01\/MartinSigouin_700.jpg\"><img loading=\"lazy\" decoding=\"async\" class=\"size-full wp-image-5731\" src=\"http:\/\/www.reseaureussitemontreal.ca\/wp-content\/uploads\/2018\/01\/MartinSigouin_700.jpg\" alt=\"Martin Sigouin, directeur-adjoint, \u00e9cole secondaire Antoine-de-Saint-Exup\u00e9ry\" width=\"700\" height=\"467\" srcset=\"http:\/\/www.reseaureussitemontreal.ca\/wp-content\/uploads\/2018\/01\/MartinSigouin_700.jpg 700w, http:\/\/www.reseaureussitemontreal.ca\/wp-content\/uploads\/2018\/01\/MartinSigouin_700-300x200.jpg 300w\" sizes=\"auto, (max-width: 700px) 100vw, 700px\" \/><\/a><em>Martin Sigouin, assistant principal, Antoine-de-Saint-Exup\u00e9ry high school<\/em><br \/>\n<em> (Photo: Fran\u00e7ois Couture)<\/em><\/p>\n<p>When, in this spirit of developing productive partnerships, Sigouin attended a presentation by Isabel Serra, founder of\u00a0\u00a0<a href=\"http:\/\/naosjeunesse.org\/\" target=\"_blank\" rel=\"noopener\"><em>Naos jeunesse<\/em><\/a>, he immediately understood that it could help with one of the school\u2019s concerns \u2013 ensuring that troubled girls do not drop out and fall into delinquency, a growing trend in a borough where many families grapple with poverty.<\/p>\n<h6><strong>The invisible problem of girls dropping out<\/strong><\/h6>\n<p>Though the public is largely unaware of it, the research data is clear: girls drop out for very different reasons than boys. This is also what Isabel Serra sees on the ground.<\/p>\n<blockquote><p><span style=\"color: #5dae46;\">&#8220;Girls at risk of dropping out are not usually disruptive in class; in fact, they tend to be shy and often slip between the cracks.&#8221;<\/span><\/p><\/blockquote>\n<p>\u201cFor girls, dropping out is often related to an unseen personal problem, so it\u2019s much harder to spot. Girls at risk of dropping out are not usually disruptive in class; in fact, they tend to be shy and often slip between the cracks. I started Naos Jeunesse in 2014 to help these girls break out of their isolation, stand up for themselves, and build healthy relationships with their peers, whether it be through creativity, games, or sports,\u201d explains Serra, herself a former dropout who has practiced law for 20 years.<\/p>\n<p><a href=\"http:\/\/www.reseaureussitemontreal.ca\/wp-content\/uploads\/2018\/01\/Isabelle-Serra_700.jpg\"><img loading=\"lazy\" decoding=\"async\" class=\"alignleft size-full wp-image-5733\" src=\"http:\/\/www.reseaureussitemontreal.ca\/wp-content\/uploads\/2018\/01\/Isabelle-Serra_700.jpg\" alt=\"Isabel Serra, fondatrice du programme \u00ab Naos jeunesse : la cr\u00e9ativit\u00e9 en action! (NJCA) \u00bb\" width=\"700\" height=\"467\" srcset=\"http:\/\/www.reseaureussitemontreal.ca\/wp-content\/uploads\/2018\/01\/Isabelle-Serra_700.jpg 700w, http:\/\/www.reseaureussitemontreal.ca\/wp-content\/uploads\/2018\/01\/Isabelle-Serra_700-300x200.jpg 300w\" sizes=\"auto, (max-width: 700px) 100vw, 700px\" \/><\/a><em>Isabel Serra, founder of Naos jeunesse\u00a0<\/em><br \/>\n<em> (Photo: Fran\u00e7ois Couture)<\/em><\/p>\n<p>Offered to girls 10 to 17 years old, the <em>La cr\u00e9ativit\u00e9 en action<\/em> program encourages girls to stay in school by helping them develop a positive self-image and explore their educational and professional aspirations. Program participants take part in a series of 10 workshops given during the lunch hour in schools and after class in community organizations.<\/p>\n<h6>Partner engagement and leadership \u2013 conditions of success for community programs in schools<\/h6>\n<p>Sigouin suggested that Serra start an pilot project to encourage girls at Antoine-de-Saint-Exup\u00e9ry to stay in school. The program was an immediate success. The girls got on board and, since 2015, <em>La cr\u00e9ativit\u00e9 en action<\/em> has been firmly established at the school.<\/p>\n<p>And thanks to the powerful model employed by Sigouin and Serra\u2019s openness, Naos Jeunesse has been able to adapt to local conditions to even better meet the girls\u2019 needs.<\/p>\n<blockquote><p><span style=\"color: #5dae46;\">&#8220;I\u2019m convinced that for a community program to succeed in a school, everyone involved must be rooted in the community the program serves. My role is to act as a force multiplier and networker&#8230;&#8221;<\/span><\/p><\/blockquote>\n<p>\u201cI\u2019m convinced that for a community program to succeed in a school, everyone involved must be rooted in the community the program serves. My role is to act as a force multiplier and networker; I introduced Isabel to many local stakeholders, such as Collectif Jeunesse Saint-L\u00e9onard and the directors of organizations our girls attend. This allowed her to see how the program might better match the realities and needs of our community.\u201d<\/p>\n<p>Sigouin also feels that the success of these partnerships depends greatly on educational stakeholders working closely with the community organizations offering the programs. \u201cIt\u2019s very important that a member of our staff accompanies the students in each of the community-run activities offered in the school so that they gain a sense of ownership of the programs, provide moral support as it were, and better monitor the situation if a major problem should arise, such as bullying, violence at home, or malnutrition,\u201d explains Sigouin.<\/p>\n<p>Naos Jeunesse has become a kind of transmission belt between the girls, the school, and the community, greatly tightening the mesh of the local social safety net.<\/p>\n<blockquote><p><span style=\"color: #5dae46;\">&#8220;They told us they needed us, and we are so happy that we can play a meaningful role there. But it could never have happened without the school\u2019s help&#8230;&#8221;<\/span><\/p><\/blockquote>\n<p>\u201cThe model has been so effective, we hope to reproduce it elsewhere,\u201d notes Serra. \u201cA sports association in Saint-L\u00e9onard, Gestion Multisports, told us that girls were almost absent from local gyms. So we took our groups of NJCA girls, had them pick a sport of their choice, and they were able to have a coach and a gym to themselves. The Bureau Associatif pour la Diversit\u00e9 et la R\u00e9insertion was looking for activities to integrate their young girls, and we were able to provide that. Being able to work in concert with local stakeholders is so valuable! They told us they needed us, and we are so happy that we can play a meaningful role there. But it could never have happened without the school\u2019s help and the vision of Martin Sigouin.\u201d<\/p>\n<p>&nbsp;<\/p>\n<p style=\"text-align: right;\"><em>_ January, 2018<\/em><\/p>\n<hr \/>\n<p><em><a href=\"http:\/\/www.reseaureussitemontreal.ca\/wp-content\/uploads\/2017\/12\/PhotoFrancoisCouture.jpg\"><img loading=\"lazy\" decoding=\"async\" class=\"alignright wp-image-5906 size-thumbnail\" src=\"http:\/\/www.reseaureussitemontreal.ca\/wp-content\/uploads\/2017\/12\/PhotoFrancoisCouture-150x150.jpg\" alt=\"\" width=\"150\" height=\"150\" \/><\/a>R\u00e9seau r\u00e9ussite Montr\u00e9al is continuing its series of feature articles on fruitful collaborations between the education sector and community partners that foster the success of youth.\u00a0<\/em><\/p>\n<p><em>We asked <strong>journalist and photographer Fran\u00e7ois Couture<\/strong> to go and meet the people involved in these partnerships and tell their stories.<\/em><\/p>\n","protected":false},"excerpt":{"rendered":"<p>The La cr\u00e9ativit\u00e9 en action! program\u00a0at Montr\u00e9al\u2019s Antoine-de-Saint-Exup\u00e9ry high school Strong communities working to keep girls in school At Antoine-de-Saint-Exup\u00e9ry high school in Montr\u00e9al\u2019s Saint-L\u00e9onard neighbourhood, students have access to no fewer than a dozen programs developed by the community sector, under the leadership of assistant principal Martin Sigouin. \u201cThe administration here decided to form &hellip; <a href=\"http:\/\/www.reseaureussitemontreal.ca\/en\/working-together-to-help-students-be-successful\/strong-communities-keep-girls-in-school\/\" class=\"more-link\">Continue reading <span class=\"screen-reader-text\">Strong communities working to keep girls in school<\/span> <span class=\"meta-nav\">&rarr;<\/span><\/a><\/p>\n","protected":false},"author":4,"featured_media":0,"parent":5770,"menu_order":2,"comment_status":"closed","ping_status":"closed","template":"","meta":{"_acf_changed":false,"footnotes":""},"categories":[],"class_list":["post-5758","page","type-page","status-publish","hentry"],"acf":[],"yoast_head":"<!-- This site is optimized with the Yoast SEO plugin v26.8 - https:\/\/yoast.com\/product\/yoast-seo-wordpress\/ -->\n<title>Strong communities working to keep girls in school - R\u00e9seau r\u00e9ussite Montr\u00e9al<\/title>\n<meta name=\"robots\" content=\"index, follow, max-snippet:-1, max-image-preview:large, max-video-preview:-1\" \/>\n<link rel=\"canonical\" href=\"http:\/\/www.reseaureussitemontreal.ca\/en\/working-together-to-help-students-be-successful\/strong-communities-keep-girls-in-school\/\" \/>\n<meta property=\"og:locale\" content=\"en_US\" \/>\n<meta property=\"og:type\" content=\"article\" \/>\n<meta property=\"og:title\" content=\"Strong communities working to keep girls in school - R\u00e9seau r\u00e9ussite Montr\u00e9al\" \/>\n<meta property=\"og:description\" content=\"The La cr\u00e9ativit\u00e9 en action! program\u00a0at Montr\u00e9al\u2019s Antoine-de-Saint-Exup\u00e9ry high school Strong communities working to keep girls in school At Antoine-de-Saint-Exup\u00e9ry high school in Montr\u00e9al\u2019s Saint-L\u00e9onard neighbourhood, students have access to no fewer than a dozen programs developed by the community sector, under the leadership of assistant principal Martin Sigouin. \u201cThe administration here decided to form &hellip; Continue reading Strong communities working to keep girls in school &rarr;\" \/>\n<meta property=\"og:url\" content=\"http:\/\/www.reseaureussitemontreal.ca\/en\/working-together-to-help-students-be-successful\/strong-communities-keep-girls-in-school\/\" \/>\n<meta property=\"og:site_name\" content=\"R\u00e9seau r\u00e9ussite Montr\u00e9al\" \/>\n<meta property=\"article:modified_time\" content=\"2019-03-15T18:53:17+00:00\" \/>\n<meta property=\"og:image\" content=\"http:\/\/www.reseaureussitemontreal.ca\/wp-content\/uploads\/2018\/01\/MartinSigouin_700.jpg\" \/>\n<meta name=\"twitter:card\" content=\"summary_large_image\" \/>\n<meta name=\"twitter:label1\" content=\"Est. reading time\" \/>\n\t<meta name=\"twitter:data1\" content=\"5 minutes\" \/>\n<script type=\"application\/ld+json\" class=\"yoast-schema-graph\">{\"@context\":\"https:\/\/schema.org\",\"@graph\":[{\"@type\":\"WebPage\",\"@id\":\"http:\/\/www.reseaureussitemontreal.ca\/en\/working-together-to-help-students-be-successful\/strong-communities-keep-girls-in-school\/\",\"url\":\"http:\/\/www.reseaureussitemontreal.ca\/en\/working-together-to-help-students-be-successful\/strong-communities-keep-girls-in-school\/\",\"name\":\"Strong communities working to keep girls in school - R\u00e9seau r\u00e9ussite Montr\u00e9al\",\"isPartOf\":{\"@id\":\"https:\/\/www.reseaureussitemontreal.ca\/en\/#website\"},\"primaryImageOfPage\":{\"@id\":\"http:\/\/www.reseaureussitemontreal.ca\/en\/working-together-to-help-students-be-successful\/strong-communities-keep-girls-in-school\/#primaryimage\"},\"image\":{\"@id\":\"http:\/\/www.reseaureussitemontreal.ca\/en\/working-together-to-help-students-be-successful\/strong-communities-keep-girls-in-school\/#primaryimage\"},\"thumbnailUrl\":\"http:\/\/www.reseaureussitemontreal.ca\/wp-content\/uploads\/2018\/01\/MartinSigouin_700.jpg\",\"datePublished\":\"2018-01-29T20:37:48+00:00\",\"dateModified\":\"2019-03-15T18:53:17+00:00\",\"breadcrumb\":{\"@id\":\"http:\/\/www.reseaureussitemontreal.ca\/en\/working-together-to-help-students-be-successful\/strong-communities-keep-girls-in-school\/#breadcrumb\"},\"inLanguage\":\"en-US\",\"potentialAction\":[{\"@type\":\"ReadAction\",\"target\":[\"http:\/\/www.reseaureussitemontreal.ca\/en\/working-together-to-help-students-be-successful\/strong-communities-keep-girls-in-school\/\"]}]},{\"@type\":\"ImageObject\",\"inLanguage\":\"en-US\",\"@id\":\"http:\/\/www.reseaureussitemontreal.ca\/en\/working-together-to-help-students-be-successful\/strong-communities-keep-girls-in-school\/#primaryimage\",\"url\":\"http:\/\/www.reseaureussitemontreal.ca\/wp-content\/uploads\/2018\/01\/MartinSigouin_700.jpg\",\"contentUrl\":\"http:\/\/www.reseaureussitemontreal.ca\/wp-content\/uploads\/2018\/01\/MartinSigouin_700.jpg\"},{\"@type\":\"BreadcrumbList\",\"@id\":\"http:\/\/www.reseaureussitemontreal.ca\/en\/working-together-to-help-students-be-successful\/strong-communities-keep-girls-in-school\/#breadcrumb\",\"itemListElement\":[{\"@type\":\"ListItem\",\"position\":1,\"name\":\"Accueil\",\"item\":\"https:\/\/www.reseaureussitemontreal.ca\/en\/\"},{\"@type\":\"ListItem\",\"position\":2,\"name\":\"Working together to help students be successful\",\"item\":\"http:\/\/www.reseaureussitemontreal.ca\/en\/working-together-to-help-students-be-successful\/\"},{\"@type\":\"ListItem\",\"position\":3,\"name\":\"Strong communities working to keep girls in school\"}]},{\"@type\":\"WebSite\",\"@id\":\"https:\/\/www.reseaureussitemontreal.ca\/en\/#website\",\"url\":\"https:\/\/www.reseaureussitemontreal.ca\/en\/\",\"name\":\"R\u00e9seau r\u00e9ussite Montr\u00e9al\",\"description\":\"\",\"potentialAction\":[{\"@type\":\"SearchAction\",\"target\":{\"@type\":\"EntryPoint\",\"urlTemplate\":\"https:\/\/www.reseaureussitemontreal.ca\/en\/?s={search_term_string}\"},\"query-input\":{\"@type\":\"PropertyValueSpecification\",\"valueRequired\":true,\"valueName\":\"search_term_string\"}}],\"inLanguage\":\"en-US\"}]}<\/script>\n<!-- \/ Yoast SEO plugin. -->","yoast_head_json":{"title":"Strong communities working to keep girls in school - R\u00e9seau r\u00e9ussite Montr\u00e9al","robots":{"index":"index","follow":"follow","max-snippet":"max-snippet:-1","max-image-preview":"max-image-preview:large","max-video-preview":"max-video-preview:-1"},"canonical":"http:\/\/www.reseaureussitemontreal.ca\/en\/working-together-to-help-students-be-successful\/strong-communities-keep-girls-in-school\/","og_locale":"en_US","og_type":"article","og_title":"Strong communities working to keep girls in school - R\u00e9seau r\u00e9ussite Montr\u00e9al","og_description":"The La cr\u00e9ativit\u00e9 en action! program\u00a0at Montr\u00e9al\u2019s Antoine-de-Saint-Exup\u00e9ry high school Strong communities working to keep girls in school At Antoine-de-Saint-Exup\u00e9ry high school in Montr\u00e9al\u2019s Saint-L\u00e9onard neighbourhood, students have access to no fewer than a dozen programs developed by the community sector, under the leadership of assistant principal Martin Sigouin. \u201cThe administration here decided to form &hellip; Continue reading Strong communities working to keep girls in school &rarr;","og_url":"http:\/\/www.reseaureussitemontreal.ca\/en\/working-together-to-help-students-be-successful\/strong-communities-keep-girls-in-school\/","og_site_name":"R\u00e9seau r\u00e9ussite Montr\u00e9al","article_modified_time":"2019-03-15T18:53:17+00:00","og_image":[{"url":"http:\/\/www.reseaureussitemontreal.ca\/wp-content\/uploads\/2018\/01\/MartinSigouin_700.jpg","type":"","width":"","height":""}],"twitter_card":"summary_large_image","twitter_misc":{"Est. reading time":"5 minutes"},"schema":{"@context":"https:\/\/schema.org","@graph":[{"@type":"WebPage","@id":"http:\/\/www.reseaureussitemontreal.ca\/en\/working-together-to-help-students-be-successful\/strong-communities-keep-girls-in-school\/","url":"http:\/\/www.reseaureussitemontreal.ca\/en\/working-together-to-help-students-be-successful\/strong-communities-keep-girls-in-school\/","name":"Strong communities working to keep girls in school - R\u00e9seau r\u00e9ussite Montr\u00e9al","isPartOf":{"@id":"https:\/\/www.reseaureussitemontreal.ca\/en\/#website"},"primaryImageOfPage":{"@id":"http:\/\/www.reseaureussitemontreal.ca\/en\/working-together-to-help-students-be-successful\/strong-communities-keep-girls-in-school\/#primaryimage"},"image":{"@id":"http:\/\/www.reseaureussitemontreal.ca\/en\/working-together-to-help-students-be-successful\/strong-communities-keep-girls-in-school\/#primaryimage"},"thumbnailUrl":"http:\/\/www.reseaureussitemontreal.ca\/wp-content\/uploads\/2018\/01\/MartinSigouin_700.jpg","datePublished":"2018-01-29T20:37:48+00:00","dateModified":"2019-03-15T18:53:17+00:00","breadcrumb":{"@id":"http:\/\/www.reseaureussitemontreal.ca\/en\/working-together-to-help-students-be-successful\/strong-communities-keep-girls-in-school\/#breadcrumb"},"inLanguage":"en-US","potentialAction":[{"@type":"ReadAction","target":["http:\/\/www.reseaureussitemontreal.ca\/en\/working-together-to-help-students-be-successful\/strong-communities-keep-girls-in-school\/"]}]},{"@type":"ImageObject","inLanguage":"en-US","@id":"http:\/\/www.reseaureussitemontreal.ca\/en\/working-together-to-help-students-be-successful\/strong-communities-keep-girls-in-school\/#primaryimage","url":"http:\/\/www.reseaureussitemontreal.ca\/wp-content\/uploads\/2018\/01\/MartinSigouin_700.jpg","contentUrl":"http:\/\/www.reseaureussitemontreal.ca\/wp-content\/uploads\/2018\/01\/MartinSigouin_700.jpg"},{"@type":"BreadcrumbList","@id":"http:\/\/www.reseaureussitemontreal.ca\/en\/working-together-to-help-students-be-successful\/strong-communities-keep-girls-in-school\/#breadcrumb","itemListElement":[{"@type":"ListItem","position":1,"name":"Accueil","item":"https:\/\/www.reseaureussitemontreal.ca\/en\/"},{"@type":"ListItem","position":2,"name":"Working together to help students be successful","item":"http:\/\/www.reseaureussitemontreal.ca\/en\/working-together-to-help-students-be-successful\/"},{"@type":"ListItem","position":3,"name":"Strong communities working to keep girls in school"}]},{"@type":"WebSite","@id":"https:\/\/www.reseaureussitemontreal.ca\/en\/#website","url":"https:\/\/www.reseaureussitemontreal.ca\/en\/","name":"R\u00e9seau r\u00e9ussite Montr\u00e9al","description":"","potentialAction":[{"@type":"SearchAction","target":{"@type":"EntryPoint","urlTemplate":"https:\/\/www.reseaureussitemontreal.ca\/en\/?s={search_term_string}"},"query-input":{"@type":"PropertyValueSpecification","valueRequired":true,"valueName":"search_term_string"}}],"inLanguage":"en-US"}]}},"_links":{"self":[{"href":"http:\/\/www.reseaureussitemontreal.ca\/en\/wp-json\/wp\/v2\/pages\/5758","targetHints":{"allow":["GET"]}}],"collection":[{"href":"http:\/\/www.reseaureussitemontreal.ca\/en\/wp-json\/wp\/v2\/pages"}],"about":[{"href":"http:\/\/www.reseaureussitemontreal.ca\/en\/wp-json\/wp\/v2\/types\/page"}],"author":[{"embeddable":true,"href":"http:\/\/www.reseaureussitemontreal.ca\/en\/wp-json\/wp\/v2\/users\/4"}],"replies":[{"embeddable":true,"href":"http:\/\/www.reseaureussitemontreal.ca\/en\/wp-json\/wp\/v2\/comments?post=5758"}],"version-history":[{"count":19,"href":"http:\/\/www.reseaureussitemontreal.ca\/en\/wp-json\/wp\/v2\/pages\/5758\/revisions"}],"predecessor-version":[{"id":8700,"href":"http:\/\/www.reseaureussitemontreal.ca\/en\/wp-json\/wp\/v2\/pages\/5758\/revisions\/8700"}],"up":[{"embeddable":true,"href":"http:\/\/www.reseaureussitemontreal.ca\/en\/wp-json\/wp\/v2\/pages\/5770"}],"wp:attachment":[{"href":"http:\/\/www.reseaureussitemontreal.ca\/en\/wp-json\/wp\/v2\/media?parent=5758"}],"wp:term":[{"taxonomy":"category","embeddable":true,"href":"http:\/\/www.reseaureussitemontreal.ca\/en\/wp-json\/wp\/v2\/categories?post=5758"}],"curies":[{"name":"wp","href":"https:\/\/api.w.org\/{rel}","templated":true}]}}