{"id":13378,"date":"2022-01-05T11:08:20","date_gmt":"2022-01-05T16:08:20","guid":{"rendered":"https:\/\/www.reseaureussitemontreal.ca\/?page_id=13378"},"modified":"2022-01-05T11:09:15","modified_gmt":"2022-01-05T16:09:15","slug":"vieux-montreal","status":"publish","type":"page","link":"http:\/\/www.reseaureussitemontreal.ca\/en\/neighbourhoods\/vieux-montreal\/","title":{"rendered":"Vieux-Montr\u00e9al"},"content":{"rendered":"<p>This content is only available in French.\u00a0 Please see the French version of this page.<\/p>\n","protected":false},"excerpt":{"rendered":"<p>This content is only available in French.\u00a0 Please see the French version of this page.<\/p>\n","protected":false},"author":13,"featured_media":0,"parent":274,"menu_order":0,"comment_status":"closed","ping_status":"closed","template":"","meta":{"_acf_changed":false,"footnotes":""},"categories":[1,2],"class_list":["post-13378","page","type-page","status-publish","hentry","category-non-classe","category-uncategorized"],"acf":[],"yoast_head":"<!-- This site is optimized with the Yoast SEO plugin v26.8 - https:\/\/yoast.com\/product\/yoast-seo-wordpress\/ -->\n<title>Vieux-Montr\u00e9al - R\u00e9seau r\u00e9ussite Montr\u00e9al<\/title>\n<meta name=\"robots\" content=\"index, follow, max-snippet:-1, max-image-preview:large, max-video-preview:-1\" \/>\n<link rel=\"canonical\" href=\"http:\/\/www.reseaureussitemontreal.ca\/en\/neighbourhoods\/vieux-montreal\/\" \/>\n<meta property=\"og:locale\" content=\"en_US\" \/>\n<meta property=\"og:type\" content=\"article\" \/>\n<meta property=\"og:title\" content=\"Vieux-Montr\u00e9al - R\u00e9seau r\u00e9ussite Montr\u00e9al\" \/>\n<meta property=\"og:description\" content=\"This content is only available in French.\u00a0 Please see the French version of this page.\" \/>\n<meta property=\"og:url\" content=\"http:\/\/www.reseaureussitemontreal.ca\/en\/neighbourhoods\/vieux-montreal\/\" \/>\n<meta property=\"og:site_name\" content=\"R\u00e9seau r\u00e9ussite Montr\u00e9al\" \/>\n<meta property=\"article:modified_time\" content=\"2022-01-05T16:09:15+00:00\" \/>\n<meta name=\"twitter:card\" content=\"summary_large_image\" \/>\n<meta name=\"twitter:label1\" content=\"Est. reading time\" \/>\n\t<meta name=\"twitter:data1\" content=\"1 minute\" \/>\n<script type=\"application\/ld+json\" class=\"yoast-schema-graph\">{\"@context\":\"https:\/\/schema.org\",\"@graph\":[{\"@type\":\"WebPage\",\"@id\":\"http:\/\/www.reseaureussitemontreal.ca\/en\/neighbourhoods\/vieux-montreal\/\",\"url\":\"http:\/\/www.reseaureussitemontreal.ca\/en\/neighbourhoods\/vieux-montreal\/\",\"name\":\"Vieux-Montr\u00e9al - R\u00e9seau r\u00e9ussite Montr\u00e9al\",\"isPartOf\":{\"@id\":\"http:\/\/www.reseaureussitemontreal.ca\/#website\"},\"datePublished\":\"2022-01-05T16:08:20+00:00\",\"dateModified\":\"2022-01-05T16:09:15+00:00\",\"breadcrumb\":{\"@id\":\"http:\/\/www.reseaureussitemontreal.ca\/en\/neighbourhoods\/vieux-montreal\/#breadcrumb\"},\"inLanguage\":\"en-US\",\"potentialAction\":[{\"@type\":\"ReadAction\",\"target\":[\"http:\/\/www.reseaureussitemontreal.ca\/en\/neighbourhoods\/vieux-montreal\/\"]}]},{\"@type\":\"BreadcrumbList\",\"@id\":\"http:\/\/www.reseaureussitemontreal.ca\/en\/neighbourhoods\/vieux-montreal\/#breadcrumb\",\"itemListElement\":[{\"@type\":\"ListItem\",\"position\":1,\"name\":\"Accueil\",\"item\":\"http:\/\/www.reseaureussitemontreal.ca\/en\/\"},{\"@type\":\"ListItem\",\"position\":2,\"name\":\"Neighbourhoods\",\"item\":\"http:\/\/www.reseaureussitemontreal.ca\/en\/neighbourhoods\/\"},{\"@type\":\"ListItem\",\"position\":3,\"name\":\"Vieux-Montr\u00e9al\"}]},{\"@type\":\"WebSite\",\"@id\":\"http:\/\/www.reseaureussitemontreal.ca\/#website\",\"url\":\"http:\/\/www.reseaureussitemontreal.ca\/\",\"name\":\"R\u00e9seau r\u00e9ussite Montr\u00e9al\",\"description\":\"\",\"potentialAction\":[{\"@type\":\"SearchAction\",\"target\":{\"@type\":\"EntryPoint\",\"urlTemplate\":\"http:\/\/www.reseaureussitemontreal.ca\/?s={search_term_string}\"},\"query-input\":{\"@type\":\"PropertyValueSpecification\",\"valueRequired\":true,\"valueName\":\"search_term_string\"}}],\"inLanguage\":\"en-US\"}]}<\/script>\n<!-- \/ Yoast SEO plugin. -->","yoast_head_json":{"title":"Vieux-Montr\u00e9al - R\u00e9seau r\u00e9ussite Montr\u00e9al","robots":{"index":"index","follow":"follow","max-snippet":"max-snippet:-1","max-image-preview":"max-image-preview:large","max-video-preview":"max-video-preview:-1"},"canonical":"http:\/\/www.reseaureussitemontreal.ca\/en\/neighbourhoods\/vieux-montreal\/","og_locale":"en_US","og_type":"article","og_title":"Vieux-Montr\u00e9al - R\u00e9seau r\u00e9ussite Montr\u00e9al","og_description":"This content is only available in French.\u00a0 Please see the French version of this page.","og_url":"http:\/\/www.reseaureussitemontreal.ca\/en\/neighbourhoods\/vieux-montreal\/","og_site_name":"R\u00e9seau r\u00e9ussite Montr\u00e9al","article_modified_time":"2022-01-05T16:09:15+00:00","twitter_card":"summary_large_image","twitter_misc":{"Est. reading time":"1 minute"},"schema":{"@context":"https:\/\/schema.org","@graph":[{"@type":"WebPage","@id":"http:\/\/www.reseaureussitemontreal.ca\/en\/neighbourhoods\/vieux-montreal\/","url":"http:\/\/www.reseaureussitemontreal.ca\/en\/neighbourhoods\/vieux-montreal\/","name":"Vieux-Montr\u00e9al - R\u00e9seau r\u00e9ussite Montr\u00e9al","isPartOf":{"@id":"http:\/\/www.reseaureussitemontreal.ca\/#website"},"datePublished":"2022-01-05T16:08:20+00:00","dateModified":"2022-01-05T16:09:15+00:00","breadcrumb":{"@id":"http:\/\/www.reseaureussitemontreal.ca\/en\/neighbourhoods\/vieux-montreal\/#breadcrumb"},"inLanguage":"en-US","potentialAction":[{"@type":"ReadAction","target":["http:\/\/www.reseaureussitemontreal.ca\/en\/neighbourhoods\/vieux-montreal\/"]}]},{"@type":"BreadcrumbList","@id":"http:\/\/www.reseaureussitemontreal.ca\/en\/neighbourhoods\/vieux-montreal\/#breadcrumb","itemListElement":[{"@type":"ListItem","position":1,"name":"Accueil","item":"http:\/\/www.reseaureussitemontreal.ca\/en\/"},{"@type":"ListItem","position":2,"name":"Neighbourhoods","item":"http:\/\/www.reseaureussitemontreal.ca\/en\/neighbourhoods\/"},{"@type":"ListItem","position":3,"name":"Vieux-Montr\u00e9al"}]},{"@type":"WebSite","@id":"http:\/\/www.reseaureussitemontreal.ca\/#website","url":"http:\/\/www.reseaureussitemontreal.ca\/","name":"R\u00e9seau r\u00e9ussite Montr\u00e9al","description":"","potentialAction":[{"@type":"SearchAction","target":{"@type":"EntryPoint","urlTemplate":"http:\/\/www.reseaureussitemontreal.ca\/?s={search_term_string}"},"query-input":{"@type":"PropertyValueSpecification","valueRequired":true,"valueName":"search_term_string"}}],"inLanguage":"en-US"}]}},"_links":{"self":[{"href":"http:\/\/www.reseaureussitemontreal.ca\/en\/wp-json\/wp\/v2\/pages\/13378","targetHints":{"allow":["GET"]}}],"collection":[{"href":"http:\/\/www.reseaureussitemontreal.ca\/en\/wp-json\/wp\/v2\/pages"}],"about":[{"href":"http:\/\/www.reseaureussitemontreal.ca\/en\/wp-json\/wp\/v2\/types\/page"}],"author":[{"embeddable":true,"href":"http:\/\/www.reseaureussitemontreal.ca\/en\/wp-json\/wp\/v2\/users\/13"}],"replies":[{"embeddable":true,"href":"http:\/\/www.reseaureussitemontreal.ca\/en\/wp-json\/wp\/v2\/comments?post=13378"}],"version-history":[{"count":1,"href":"http:\/\/www.reseaureussitemontreal.ca\/en\/wp-json\/wp\/v2\/pages\/13378\/revisions"}],"predecessor-version":[{"id":13379,"href":"http:\/\/www.reseaureussitemontreal.ca\/en\/wp-json\/wp\/v2\/pages\/13378\/revisions\/13379"}],"up":[{"embeddable":true,"href":"http:\/\/www.reseaureussitemontreal.ca\/en\/wp-json\/wp\/v2\/pages\/274"}],"wp:attachment":[{"href":"http:\/\/www.reseaureussitemontreal.ca\/en\/wp-json\/wp\/v2\/media?parent=13378"}],"wp:term":[{"taxonomy":"category","embeddable":true,"href":"http:\/\/www.reseaureussitemontreal.ca\/en\/wp-json\/wp\/v2\/categories?post=13378"}],"curies":[{"name":"wp","href":"https:\/\/api.w.org\/{rel}","templated":true}]}}